{"id":485,"date":"2018-09-03T10:53:59","date_gmt":"2018-09-03T10:53:59","guid":{"rendered":"https:\/\/www.firstcapitalbank.co.mz\/pt?page_id=485"},"modified":"2021-11-23T09:36:55","modified_gmt":"2021-11-23T07:36:55","slug":"cartao-de-debito","status":"publish","type":"page","link":"https:\/\/www.firstcapitalbank.co.mz\/pt\/corporate-2\/cartao\/cartao-de-debito\/","title":{"rendered":"Cart\u00e3o de D\u00e9bito"},"content":{"rendered":"<h3>J\u00e1 pensou em ter aceder a sua conta 24h por dias e 7dias da semana?<\/h3>\n<p>A necessidade de dinheiro pode surgir a qualquer hora. Se as ag\u00eancias banc\u00e1rias est\u00e3o fechadas, n\u00e3o se preocupe, os nossos Cart\u00f5es de D\u00e9bito permitem-lhe aceder aos seus fundos numa ATM 24h \/7 dias. Para ver as nossas comiss\u00f5es e encargos, aceda a Tabela de Comiss\u00f5es e Encargos.<\/p>\n<h4>Vantagens do Cart\u00e3o d\u00e9bito para empresas<\/h4>\n<ul>\n<li>Aceder a conta da empresa a qualquer momento;<\/li>\n<li>Levantamento de dinheiro a qualquer momento em qualquer ATM visa dentro e fora do pa\u00eds;<\/li>\n<li>Verifica\u00e7\u00e3o de saldos e movimentos feitos na conta;<\/li>\n<li>Pagamento de despesas atrav\u00e9s de pagamento de servi\u00e7os;<\/li>\n<li>Compra de recargas de telefonia m\u00f3vel e Credelec;<\/li>\n<li>Transfer\u00eancias de dinheiro de forma segura.<\/li>\n<\/ul>\n","protected":false},"excerpt":{"rendered":"<p>J\u00e1 pensou em ter aceder a sua conta 24h por dias e 7dias da semana?&#8230;<\/p>\n","protected":false},"author":13,"featured_media":1736,"parent":483,"menu_order":0,"comment_status":"closed","ping_status":"closed","template":"","meta":{"_acf_changed":false,"footnotes":""},"class_list":["post-485","page","type-page","status-publish","has-post-thumbnail","hentry"],"acf":[],"_links":{"self":[{"href":"https:\/\/www.firstcapitalbank.co.mz\/pt\/wp-json\/wp\/v2\/pages\/485","targetHints":{"allow":["GET"]}}],"collection":[{"href":"https:\/\/www.firstcapitalbank.co.mz\/pt\/wp-json\/wp\/v2\/pages"}],"about":[{"href":"https:\/\/www.firstcapitalbank.co.mz\/pt\/wp-json\/wp\/v2\/types\/page"}],"author":[{"embeddable":true,"href":"https:\/\/www.firstcapitalbank.co.mz\/pt\/wp-json\/wp\/v2\/users\/13"}],"replies":[{"embeddable":true,"href":"https:\/\/www.firstcapitalbank.co.mz\/pt\/wp-json\/wp\/v2\/comments?post=485"}],"version-history":[{"count":7,"href":"https:\/\/www.firstcapitalbank.co.mz\/pt\/wp-json\/wp\/v2\/pages\/485\/revisions"}],"predecessor-version":[{"id":3811,"href":"https:\/\/www.firstcapitalbank.co.mz\/pt\/wp-json\/wp\/v2\/pages\/485\/revisions\/3811"}],"up":[{"embeddable":true,"href":"https:\/\/www.firstcapitalbank.co.mz\/pt\/wp-json\/wp\/v2\/pages\/483"}],"wp:featuredmedia":[{"embeddable":true,"href":"https:\/\/www.firstcapitalbank.co.mz\/pt\/wp-json\/wp\/v2\/media\/1736"}],"wp:attachment":[{"href":"https:\/\/www.firstcapitalbank.co.mz\/pt\/wp-json\/wp\/v2\/media?parent=485"}],"curies":[{"name":"wp","href":"https:\/\/api.w.org\/{rel}","templated":true}]}}