{"id":481,"date":"2018-09-03T10:53:28","date_gmt":"2018-09-03T10:53:28","guid":{"rendered":"https:\/\/www.firstcapitalbank.co.mz\/pt?page_id=481"},"modified":"2026-05-04T11:35:01","modified_gmt":"2026-05-04T09:35:01","slug":"internet-banking","status":"publish","type":"page","link":"https:\/\/www.firstcapitalbank.co.mz\/pt\/corporate-2\/digital-banking\/internet-banking\/","title":{"rendered":"Internet Banking"},"content":{"rendered":"<p>A plataforma de Internet Banking do First Capital Bank oferece aos nossos clientes uma experi\u00eancia banc\u00e1ria online totalmente nova. Usando tecnologia banc\u00e1ria de ponta, elevamos o online banking a um n\u00edvel totalmente novo, fornecendo aos nossos clientes uma solu\u00e7\u00e3o de internet banking conveniente, f\u00e1cil de usar e segura.<br \/>\nA plataforma vem com uma s\u00e9rie de fun\u00e7\u00f5es que permite que os nossos clientes satisfa\u00e7am quase todas as suas necessidades em termos de servi\u00e7os banc\u00e1rios online, sem ter de se dirigir a uma ag\u00eancia.<\/p>\n<p>Para uma f\u00e1cil navega\u00e7\u00e3o, o painel central permite que a sua empresa possa aceder a todas as fun\u00e7\u00f5es banc\u00e1rias com apenas alguns cliques. Al\u00e9m disso, adicionamos uma s\u00e9rie de novos recursos para a sua conveni\u00eancia.<\/p>\n<p>Com o internet banking a sua empresa pode:<\/p>\n<ul>\n<li>Personalizar o seu painel;<\/li>\n<li>Verificar saldos;<\/li>\n<li>Tirar extractos banc\u00e1rios em Excel, PDF, CSV;<\/li>\n<li>Gerir contas correntes, de poupan\u00e7a e de empr\u00e9stimo;<\/li>\n<li>Efectuar transfer\u00eancias instant\u00e2neas e para carteiras m\u00f3veis;<\/li>\n<li>Agendar pagamentos;<\/li>\n<li>Ver transac\u00e7\u00f5es completas e incompletas;<\/li>\n<li>Verificar movimentos feitos na sua conta;<\/li>\n<li>Ter um bordeaux \u00fanico para todas as transac\u00e7\u00f5es;<\/li>\n<li>Efectuar pagamentos de servi\u00e7o (INSS, JUE, e-Declara\u00e7\u00e3o e Pagamentos em Massa);<\/li>\n<li>Trocar mensagens SMS com o seu gestor de conta;<\/li>\n<li>Criar operadores para mais utilizadores acederem \u00e0 conta;<\/li>\n<li>Consultar a tabela de Comiss\u00f5es e Encargos;<\/li>\n<li>Verificar cr\u00e9dito;<\/li>\n<li>Requisitar livro de cheques.<\/li>\n<\/ul>\n","protected":false},"excerpt":{"rendered":"<p>A plataforma de Internet Banking do First Capital Bank oferece aos nossos clientes uma experi\u00eancia&#8230;<\/p>\n","protected":false},"author":13,"featured_media":1651,"parent":477,"menu_order":0,"comment_status":"closed","ping_status":"closed","template":"internet banking.php","meta":{"_acf_changed":false,"footnotes":""},"class_list":["post-481","page","type-page","status-publish","has-post-thumbnail","hentry"],"acf":[],"_links":{"self":[{"href":"https:\/\/www.firstcapitalbank.co.mz\/pt\/wp-json\/wp\/v2\/pages\/481","targetHints":{"allow":["GET"]}}],"collection":[{"href":"https:\/\/www.firstcapitalbank.co.mz\/pt\/wp-json\/wp\/v2\/pages"}],"about":[{"href":"https:\/\/www.firstcapitalbank.co.mz\/pt\/wp-json\/wp\/v2\/types\/page"}],"author":[{"embeddable":true,"href":"https:\/\/www.firstcapitalbank.co.mz\/pt\/wp-json\/wp\/v2\/users\/13"}],"replies":[{"embeddable":true,"href":"https:\/\/www.firstcapitalbank.co.mz\/pt\/wp-json\/wp\/v2\/comments?post=481"}],"version-history":[{"count":9,"href":"https:\/\/www.firstcapitalbank.co.mz\/pt\/wp-json\/wp\/v2\/pages\/481\/revisions"}],"predecessor-version":[{"id":5790,"href":"https:\/\/www.firstcapitalbank.co.mz\/pt\/wp-json\/wp\/v2\/pages\/481\/revisions\/5790"}],"up":[{"embeddable":true,"href":"https:\/\/www.firstcapitalbank.co.mz\/pt\/wp-json\/wp\/v2\/pages\/477"}],"wp:featuredmedia":[{"embeddable":true,"href":"https:\/\/www.firstcapitalbank.co.mz\/pt\/wp-json\/wp\/v2\/media\/1651"}],"wp:attachment":[{"href":"https:\/\/www.firstcapitalbank.co.mz\/pt\/wp-json\/wp\/v2\/media?parent=481"}],"curies":[{"name":"wp","href":"https:\/\/api.w.org\/{rel}","templated":true}]}}