{"id":475,"date":"2018-09-03T10:52:42","date_gmt":"2018-09-03T10:52:42","guid":{"rendered":"https:\/\/www.firstcapitalbank.co.mz\/pt?page_id=475"},"modified":"2019-07-24T16:34:40","modified_gmt":"2019-07-24T14:34:40","slug":"payroll-processing","status":"publish","type":"page","link":"https:\/\/www.firstcapitalbank.co.mz\/pt\/corporate-2\/payroll-processing\/","title":{"rendered":"Pagamento de Sal\u00e1rios p\/ Ficheiro"},"content":{"rendered":"<h3>Solu\u00e7\u00f5es de folha de pagamento automatizadas, eficazes e convenientes.<\/h3>\n<p>A solu\u00e7\u00e3o do First Capital Bank para Pagamento de Sal\u00e1rios por ficheiro garante que os dep\u00f3sitos directos da sua folha de pagamento s\u00e3o processados com precis\u00e3o e dentro do prazo. O processamento da folha de pagamento \u00e9 feito eletronicamente para melhorar a efici\u00eancia e a reconcilia\u00e7\u00e3o dos sal\u00e1rios dos funcion\u00e1rios com outros bancos comerciais.<\/p>\n<h3>Benef\u00edcios<\/h3>\n<p>\u2705 Melhor gest\u00e3o dos fluxos de caixa e valores a pagar. Redu\u00e7\u00e3o do tempo gasto no preechimento e assinatura de numerosos cheques para bancos e ag\u00eancias em todo o pa\u00eds.<br \/>\n\u2705 Redu\u00e7\u00e3o de custos no envio de cheques para todo o pa\u00eds.<br \/>\n\u2705 A confidencialidade da folha de pagamento \u00e9 mantida.<br \/>\n\u2705 Gest\u00e3o das taxas relacionadas com o desembolso da folha de pagaments.<br \/>\n\u2705 Manuten\u00e7\u00e3o de confidencialidade e diminui\u00e7\u00e3o da probabilidade de fraude associada ao processamento manual.<br \/>\n\u2705 Redu\u00e7\u00e3o do tempo gasto na reconcilia\u00e7\u00e3o de contas.<br \/>\n\u2705 Ades\u00e3o garantida \u00e0s condi\u00e7\u00f5es de cr\u00e9dito, redu\u00e7\u00e3o dos custos de emiss\u00e3o de cheques, de correio e de reconcilia\u00e7\u00e3o<\/p>\n","protected":false},"excerpt":{"rendered":"<p>Solu\u00e7\u00f5es de folha de pagamento automatizadas, eficazes e convenientes. A solu\u00e7\u00e3o do First Capital Bank&#8230;<\/p>\n","protected":false},"author":13,"featured_media":1645,"parent":426,"menu_order":0,"comment_status":"closed","ping_status":"closed","template":"internet banking.php","meta":{"_acf_changed":false,"footnotes":""},"class_list":["post-475","page","type-page","status-publish","has-post-thumbnail","hentry"],"acf":[],"_links":{"self":[{"href":"https:\/\/www.firstcapitalbank.co.mz\/pt\/wp-json\/wp\/v2\/pages\/475","targetHints":{"allow":["GET"]}}],"collection":[{"href":"https:\/\/www.firstcapitalbank.co.mz\/pt\/wp-json\/wp\/v2\/pages"}],"about":[{"href":"https:\/\/www.firstcapitalbank.co.mz\/pt\/wp-json\/wp\/v2\/types\/page"}],"author":[{"embeddable":true,"href":"https:\/\/www.firstcapitalbank.co.mz\/pt\/wp-json\/wp\/v2\/users\/13"}],"replies":[{"embeddable":true,"href":"https:\/\/www.firstcapitalbank.co.mz\/pt\/wp-json\/wp\/v2\/comments?post=475"}],"version-history":[{"count":5,"href":"https:\/\/www.firstcapitalbank.co.mz\/pt\/wp-json\/wp\/v2\/pages\/475\/revisions"}],"predecessor-version":[{"id":2968,"href":"https:\/\/www.firstcapitalbank.co.mz\/pt\/wp-json\/wp\/v2\/pages\/475\/revisions\/2968"}],"up":[{"embeddable":true,"href":"https:\/\/www.firstcapitalbank.co.mz\/pt\/wp-json\/wp\/v2\/pages\/426"}],"wp:featuredmedia":[{"embeddable":true,"href":"https:\/\/www.firstcapitalbank.co.mz\/pt\/wp-json\/wp\/v2\/media\/1645"}],"wp:attachment":[{"href":"https:\/\/www.firstcapitalbank.co.mz\/pt\/wp-json\/wp\/v2\/media?parent=475"}],"curies":[{"name":"wp","href":"https:\/\/api.w.org\/{rel}","templated":true}]}}