{"id":445,"date":"2018-09-03T10:48:54","date_gmt":"2018-09-03T10:48:54","guid":{"rendered":"https:\/\/www.firstcapitalbank.co.mz\/pt?page_id=445"},"modified":"2019-07-24T16:24:39","modified_gmt":"2019-07-24T14:24:39","slug":"compra-e-venda-de-moeda-estrangeira","status":"publish","type":"page","link":"https:\/\/www.firstcapitalbank.co.mz\/pt\/corporate-2\/foreign-currency\/compra-e-venda-de-moeda-estrangeira\/","title":{"rendered":"Compra e Venda de Moeda Estrangeira"},"content":{"rendered":"<h3>Servi\u00e7os cambiais r\u00e1pidos, eficientes e flex\u00edveis.<\/h3>\n<p>Fornecemos uma ampla gama de servi\u00e7os banc\u00e1rios internacionais, eficientes e flex\u00edveis com taxas de c\u00e2mbio muito competitivas. Se pretender pagar despesas com importa\u00e7\u00e3o, receber pagamentos do exterior, pagar a sua viagem de neg\u00f3cios, f\u00e9rias ou qualquer outro pagamento recorrente ao estrangeiro.<\/p>\n<p>&nbsp;<\/p>\n","protected":false},"excerpt":{"rendered":"<p>Servi\u00e7os cambiais r\u00e1pidos, eficientes e flex\u00edveis. Fornecemos uma ampla gama de servi\u00e7os banc\u00e1rios internacionais, eficientes&#8230;<\/p>\n","protected":false},"author":13,"featured_media":1651,"parent":830,"menu_order":0,"comment_status":"closed","ping_status":"closed","template":"internet banking.php","meta":{"_acf_changed":false,"footnotes":""},"class_list":["post-445","page","type-page","status-publish","has-post-thumbnail","hentry"],"acf":[],"_links":{"self":[{"href":"https:\/\/www.firstcapitalbank.co.mz\/pt\/wp-json\/wp\/v2\/pages\/445","targetHints":{"allow":["GET"]}}],"collection":[{"href":"https:\/\/www.firstcapitalbank.co.mz\/pt\/wp-json\/wp\/v2\/pages"}],"about":[{"href":"https:\/\/www.firstcapitalbank.co.mz\/pt\/wp-json\/wp\/v2\/types\/page"}],"author":[{"embeddable":true,"href":"https:\/\/www.firstcapitalbank.co.mz\/pt\/wp-json\/wp\/v2\/users\/13"}],"replies":[{"embeddable":true,"href":"https:\/\/www.firstcapitalbank.co.mz\/pt\/wp-json\/wp\/v2\/comments?post=445"}],"version-history":[{"count":3,"href":"https:\/\/www.firstcapitalbank.co.mz\/pt\/wp-json\/wp\/v2\/pages\/445\/revisions"}],"predecessor-version":[{"id":2962,"href":"https:\/\/www.firstcapitalbank.co.mz\/pt\/wp-json\/wp\/v2\/pages\/445\/revisions\/2962"}],"up":[{"embeddable":true,"href":"https:\/\/www.firstcapitalbank.co.mz\/pt\/wp-json\/wp\/v2\/pages\/830"}],"wp:featuredmedia":[{"embeddable":true,"href":"https:\/\/www.firstcapitalbank.co.mz\/pt\/wp-json\/wp\/v2\/media\/1651"}],"wp:attachment":[{"href":"https:\/\/www.firstcapitalbank.co.mz\/pt\/wp-json\/wp\/v2\/media?parent=445"}],"curies":[{"name":"wp","href":"https:\/\/api.w.org\/{rel}","templated":true}]}}