{"id":431,"date":"2018-09-03T10:47:09","date_gmt":"2018-09-03T08:47:09","guid":{"rendered":"https:\/\/www.firstcapitalbank.co.mz\/pt?page_id=431"},"modified":"2024-11-19T15:16:24","modified_gmt":"2024-11-19T13:16:24","slug":"conta-a-ordem","status":"publish","type":"page","link":"https:\/\/www.firstcapitalbank.co.mz\/pt\/corporate-2\/account-services\/conta-a-ordem\/","title":{"rendered":"Conta \u00e0 Ordem"},"content":{"rendered":"<h3>Uma conta transacional eficaz para atender as necessidades di\u00e1rias da sua empresa<\/h3>\n<p>A nossa Conta \u00e0 Ordem foi projectada para adicionar conveni\u00eancia \u00e0 gest\u00e3o das suas necessidades banc\u00e1rias di\u00e1rias. Al\u00e9m do Metical, a nossa Conta \u00e0 Ordem pode ser mantida em diversas moedas estrangeiras, como o D\u00f3lar dos Estados Unidos, o Euro, a Libra da Gr\u00e3-Bretanha e o Rand Sul-Africano.<\/p>\n<h3>Caracter\u00edsticas e Benef\u00edcios<\/h3>\n<p>\u2705 Acesso ao Cart\u00e3o de D\u00e9bito<br \/>\n\u2705 Acesso ao Livro de Cheques<br \/>\n\u2705 Abertura em nome individual ou conjunta<br \/>\n\u2705 Acesso ao Internet Banking<br \/>\n\u2705 Alertas de transa\u00e7\u00e3o (SMS e E-mail)<br \/>\n\u2705 Cesso \u00e0s nossas facilidades de cr\u00e9dito<\/p>\n<p>Para saber quais s\u00e3o os documentos necess\u00e1rios para abertura de Conta a Ordem aceda <a href=\"https:\/\/firstcapitalbank.co.mz\/pt\/wp-content\/uploads\/2021\/11\/20180206-Condicoes-de-abertura-de-conta.pdf\">condi\u00e7\u00f5es de abertura de conta<\/a>.<\/p>\n<p>Para abrir uma Conta \u00e0 Ordem visite a ag\u00eancia do First Capital Bank mais pr\u00f3xima.<br \/>\nPara ver as nossas comiss\u00f5es e encargos, aceda a <a href=\"https:\/\/www.firstcapitalbank.co.mz\/pt\/wp-content\/uploads\/2024\/07\/PRECARIO-COMPLETO-2024-3.pdf\">Tabela de Comiss\u00f5es e Encargos<\/a>.<\/p>\n<h3><b>Documenta\u00e7\u00e3o da Empresa<\/b><\/h3>\n<ol>\n<li>Formul\u00e1rios preenchidos e assinados por todos os subscritores nomeados por delibera\u00e7\u00e3o do Conselho de Administra\u00e7\u00e3o\/procura\u00e7\u00e3o. (<b>Em anexo)<\/b><\/li>\n<li>Carta solicitando a abertura da conta, especificando a moeda, nomeando os assinantes e condi\u00e7\u00f5es de movimenta\u00e7\u00e3o.( na mesma carta inserir o endere\u00e7o dos assinantes)<\/li>\n<li>Certid\u00e3o comercial, emitida num per\u00edodo inferior a 3 meses<\/li>\n<li>Estatutos publicados Boletim da Rep\u00fablica<\/li>\n<li>Licen\u00e7a de actividade ( Alvar\u00e1)<\/li>\n<li>NUIT da Entidade<\/li>\n<li>Delibera\u00e7\u00e3o do Conselho de Administra\u00e7\u00e3o com a decis\u00e3o sobre a abertura da (s) conta (s), nomea\u00e7\u00e3o dos assinantes, condi\u00e7\u00f5es de movimenta\u00e7\u00e3o, ou uma procura\u00e7\u00e3o reconhecida por not\u00e1rio (Se aplic\u00e1vel)<\/li>\n<\/ol>\n<h3><b>Acionistas e benefici\u00e1rios finais<\/b><\/h3>\n<ol>\n<li>Documentos de identifica\u00e7\u00e3o, NUIT e comprovativo de resid\u00eancia dos S\u00f3cios\/ accionistas e benefici\u00e1rios finais com 10% ou mais do capital social.<\/li>\n<li>Documentos de constitui\u00e7\u00e3o e registo dos accionistas (empresas) e benefici\u00e1rios finais com 10% ou mais do capital social.<\/li>\n<\/ol>\n<h3><b>Notas importantes<\/b><\/h3>\n<p>Todos os documentos devem estar no seu formato original.<\/p>\n<ol>\n<li>O regulamento local exige todos os documentos em l\u00edngua portuguesa<\/li>\n<li>Caso a documenta\u00e7\u00e3o seja produzida no estrangeiro, a mesma deve ser previamente<\/li>\n<\/ol>\n<ul>\n<li>Autenticado por um not\u00e1rio p\u00fablico no pa\u00eds de origem<\/li>\n<li>Reconhecido pelo minist\u00e9rio de neg\u00f3cios estrangeiros (ou autoridade equivalente)<\/li>\n<li>Reconhecido pelo Consulado de Mo\u00e7ambique com jurisdi\u00e7\u00e3o no pa\u00eds de origem<\/li>\n<\/ul>\n<p>&nbsp;<\/p>\n<p>A lista dos documentos exigidos acima mencionados \u00e9 meramente indicativa.<\/p>\n","protected":false},"excerpt":{"rendered":"<p>Uma conta transacional eficaz para atender as necessidades di\u00e1rias da sua empresa A nossa Conta&#8230;<\/p>\n","protected":false},"author":13,"featured_media":1658,"parent":429,"menu_order":0,"comment_status":"closed","ping_status":"closed","template":"internet banking.php","meta":{"_acf_changed":false,"footnotes":""},"class_list":["post-431","page","type-page","status-publish","has-post-thumbnail","hentry"],"acf":[],"_links":{"self":[{"href":"https:\/\/www.firstcapitalbank.co.mz\/pt\/wp-json\/wp\/v2\/pages\/431","targetHints":{"allow":["GET"]}}],"collection":[{"href":"https:\/\/www.firstcapitalbank.co.mz\/pt\/wp-json\/wp\/v2\/pages"}],"about":[{"href":"https:\/\/www.firstcapitalbank.co.mz\/pt\/wp-json\/wp\/v2\/types\/page"}],"author":[{"embeddable":true,"href":"https:\/\/www.firstcapitalbank.co.mz\/pt\/wp-json\/wp\/v2\/users\/13"}],"replies":[{"embeddable":true,"href":"https:\/\/www.firstcapitalbank.co.mz\/pt\/wp-json\/wp\/v2\/comments?post=431"}],"version-history":[{"count":16,"href":"https:\/\/www.firstcapitalbank.co.mz\/pt\/wp-json\/wp\/v2\/pages\/431\/revisions"}],"predecessor-version":[{"id":5371,"href":"https:\/\/www.firstcapitalbank.co.mz\/pt\/wp-json\/wp\/v2\/pages\/431\/revisions\/5371"}],"up":[{"embeddable":true,"href":"https:\/\/www.firstcapitalbank.co.mz\/pt\/wp-json\/wp\/v2\/pages\/429"}],"wp:featuredmedia":[{"embeddable":true,"href":"https:\/\/www.firstcapitalbank.co.mz\/pt\/wp-json\/wp\/v2\/media\/1658"}],"wp:attachment":[{"href":"https:\/\/www.firstcapitalbank.co.mz\/pt\/wp-json\/wp\/v2\/media?parent=431"}],"curies":[{"name":"wp","href":"https:\/\/api.w.org\/{rel}","templated":true}]}}