{"id":4147,"date":"2022-10-25T13:05:13","date_gmt":"2022-10-25T11:05:13","guid":{"rendered":"https:\/\/firstcapitalbank.co.mz\/pt\/?page_id=4147"},"modified":"2024-06-11T08:35:31","modified_gmt":"2024-06-11T06:35:31","slug":"linha-gratis-para-denuncias-anonimas","status":"publish","type":"page","link":"https:\/\/www.firstcapitalbank.co.mz\/pt\/about\/resources\/linha-gratis-para-denuncias-anonimas\/","title":{"rendered":"Linha gr\u00e1tis para den\u00fancias an\u00f3nimas"},"content":{"rendered":"<p>800833833 (Vodacom\/Movitel)<\/p>\n<p>Endere\u00e7o eletr\u00f3nico &#8211; <u><a href=\"mailto:reportsqm@tip-offs.com\">reportsqm@tip-offs.com<\/a><\/u><\/p>\n","protected":false},"excerpt":{"rendered":"<p>800833833 (Vodacom\/Movitel) Endere\u00e7o eletr\u00f3nico &#8211; reportsqm@tip-offs.com<\/p>\n","protected":false},"author":13,"featured_media":0,"parent":860,"menu_order":0,"comment_status":"closed","ping_status":"closed","template":"","meta":{"_acf_changed":false,"footnotes":""},"class_list":["post-4147","page","type-page","status-publish","hentry"],"acf":[],"_links":{"self":[{"href":"https:\/\/www.firstcapitalbank.co.mz\/pt\/wp-json\/wp\/v2\/pages\/4147","targetHints":{"allow":["GET"]}}],"collection":[{"href":"https:\/\/www.firstcapitalbank.co.mz\/pt\/wp-json\/wp\/v2\/pages"}],"about":[{"href":"https:\/\/www.firstcapitalbank.co.mz\/pt\/wp-json\/wp\/v2\/types\/page"}],"author":[{"embeddable":true,"href":"https:\/\/www.firstcapitalbank.co.mz\/pt\/wp-json\/wp\/v2\/users\/13"}],"replies":[{"embeddable":true,"href":"https:\/\/www.firstcapitalbank.co.mz\/pt\/wp-json\/wp\/v2\/comments?post=4147"}],"version-history":[{"count":2,"href":"https:\/\/www.firstcapitalbank.co.mz\/pt\/wp-json\/wp\/v2\/pages\/4147\/revisions"}],"predecessor-version":[{"id":5198,"href":"https:\/\/www.firstcapitalbank.co.mz\/pt\/wp-json\/wp\/v2\/pages\/4147\/revisions\/5198"}],"up":[{"embeddable":true,"href":"https:\/\/www.firstcapitalbank.co.mz\/pt\/wp-json\/wp\/v2\/pages\/860"}],"wp:attachment":[{"href":"https:\/\/www.firstcapitalbank.co.mz\/pt\/wp-json\/wp\/v2\/media?parent=4147"}],"curies":[{"name":"wp","href":"https:\/\/api.w.org\/{rel}","templated":true}]}}