{"id":3979,"date":"2022-06-09T16:09:26","date_gmt":"2022-06-09T14:09:26","guid":{"rendered":"https:\/\/firstcapitalbank.co.mz\/pt\/?page_id=3979"},"modified":"2022-06-09T16:09:47","modified_gmt":"2022-06-09T14:09:47","slug":"jue","status":"publish","type":"page","link":"https:\/\/www.firstcapitalbank.co.mz\/pt\/corporate-2\/services\/jue\/","title":{"rendered":"JUE"},"content":{"rendered":"<p><strong>JUE<\/strong><\/p>\n<p>Pague as taxas alfandeg\u00e1rias de forma mais segura e conveniente e reduza a sua carga administrativa.<\/p>\n<p>&nbsp;<\/p>\n<p>JUE \u00e9 uma solu\u00e7\u00e3o completa de facilita\u00e7\u00e3o do com\u00e9rcio que inclui todas as infra-estruturas e recursos necess\u00e1rios para o estabelecimento de uma opera\u00e7\u00e3o eficiente, eficaz, sustent\u00e1vel e em cont\u00ednuo crescimento para o desalfandegamento de mercadorias e o seu controlo.<\/p>\n<p>&nbsp;<\/p>\n<p><strong><em><u>Caracter\u00edsticas<\/u><\/em><\/strong><\/p>\n<ul>\n<li>O servi\u00e7o permite aos Operadores de Com\u00e9rcio Externo (OTC) pagarem o desalfandegamento das suas mercadorias atrav\u00e9s do Janela \u00danica Electr\u00f3nica (JUE).<\/li>\n<li>Este servi\u00e7o est\u00e1 dispon\u00edvel para todos os FTOs, que s\u00e3o detentores de Contas de dep\u00f3sito \u00e0 ordem no First Capital Bank.<\/li>\n<li>Ap\u00f3s a transac\u00e7\u00e3o ser conclu\u00edda pelo cliente, o banco comunica directamente com a plataforma SEW que o pagamento foi efectuado.<\/li>\n<li>\u00c9 cobrada uma taxa de transac\u00e7\u00e3o que est\u00e1 publicada no <em><u>pre\u00e7\u00e1rio<\/u><\/em> do Banco ou em qualquer balc\u00e3o do First Capital Bank S.A.<\/li>\n<\/ul>\n<p>&nbsp;<\/p>\n<p><strong><em>Condi\u00e7\u00f5es de acesso<\/em><\/strong><\/p>\n<p>Para adquirir este servi\u00e7o, dirija-se por favor a qualquer balc\u00e3o do First Capital Bank S.A.<\/p>\n<p>&nbsp;<\/p>\n","protected":false},"excerpt":{"rendered":"<p>JUE Pague as taxas alfandeg\u00e1rias de forma mais segura e conveniente e reduza a sua&#8230;<\/p>\n","protected":false},"author":13,"featured_media":0,"parent":489,"menu_order":0,"comment_status":"closed","ping_status":"closed","template":"","meta":{"_acf_changed":false,"footnotes":""},"class_list":["post-3979","page","type-page","status-publish","hentry"],"acf":[],"_links":{"self":[{"href":"https:\/\/www.firstcapitalbank.co.mz\/pt\/wp-json\/wp\/v2\/pages\/3979","targetHints":{"allow":["GET"]}}],"collection":[{"href":"https:\/\/www.firstcapitalbank.co.mz\/pt\/wp-json\/wp\/v2\/pages"}],"about":[{"href":"https:\/\/www.firstcapitalbank.co.mz\/pt\/wp-json\/wp\/v2\/types\/page"}],"author":[{"embeddable":true,"href":"https:\/\/www.firstcapitalbank.co.mz\/pt\/wp-json\/wp\/v2\/users\/13"}],"replies":[{"embeddable":true,"href":"https:\/\/www.firstcapitalbank.co.mz\/pt\/wp-json\/wp\/v2\/comments?post=3979"}],"version-history":[{"count":1,"href":"https:\/\/www.firstcapitalbank.co.mz\/pt\/wp-json\/wp\/v2\/pages\/3979\/revisions"}],"predecessor-version":[{"id":3980,"href":"https:\/\/www.firstcapitalbank.co.mz\/pt\/wp-json\/wp\/v2\/pages\/3979\/revisions\/3980"}],"up":[{"embeddable":true,"href":"https:\/\/www.firstcapitalbank.co.mz\/pt\/wp-json\/wp\/v2\/pages\/489"}],"wp:attachment":[{"href":"https:\/\/www.firstcapitalbank.co.mz\/pt\/wp-json\/wp\/v2\/media?parent=3979"}],"curies":[{"name":"wp","href":"https:\/\/api.w.org\/{rel}","templated":true}]}}