{"id":3975,"date":"2022-06-09T16:07:00","date_gmt":"2022-06-09T14:07:00","guid":{"rendered":"https:\/\/firstcapitalbank.co.mz\/pt\/?page_id=3975"},"modified":"2024-08-06T14:30:52","modified_gmt":"2024-08-06T12:30:52","slug":"inss","status":"publish","type":"page","link":"https:\/\/www.firstcapitalbank.co.mz\/pt\/corporate-2\/services-2\/inss\/","title":{"rendered":"INSS"},"content":{"rendered":"<p><strong>INSS<\/strong><\/p>\n<p>Pague a Seguran\u00e7a Social de forma f\u00e1cil, confort\u00e1vel e segura.<\/p>\n<p>A Seguran\u00e7a Social \u00e9 o imposto que visa garantir a assist\u00eancia material ao trabalhador, nas situa\u00e7\u00f5es de falta ou diminui\u00e7\u00e3o da capacidade para o trabalho.<\/p>\n<p>&nbsp;<\/p>\n<p><strong><em><u>Caracter\u00edsticas<\/u><\/em><\/strong><\/p>\n<p>O pagamento deste imposto \u00e9 disponibilizado a todos clientes do First Capital Bank S.A., que possuam a Guia de Pagamento de Contribui\u00e7\u00e3o (GPC) que \u00e9 obtida atrav\u00e9s do website da SISSMO, no acto do preenchimento da folha de remunera\u00e7\u00e3o mensal.<\/p>\n<p>&nbsp;<\/p>\n<p><strong><em><u>Condi\u00e7\u00f5es de Acesso<\/u><\/em><\/strong><\/p>\n<p>Para efectuar pagamentos, basta que:<\/p>\n<ul>\n<li>Seja titular de uma Conta \u00e0 Ordem em Meticais no First Capital Bank ;<\/li>\n<li>Seja apresentada a Guia de Pagamento de Contribui\u00e7\u00e3o em um dos Balc\u00f5es do First Capital Bank S.A., ou a inser\u00e7\u00e3o de n\u00famero de guia na plataforma de internet banking.<\/li>\n<\/ul>\n<p>&nbsp;<\/p>\n<p>Para cada pagamento efectuado, ser\u00e1 cobrada uma comiss\u00e3o. Para a consulta do custo das comiss\u00f5es e outros encargos, queira por favor consultar o nosso <a href=\"https:\/\/firstcapitalbank.co.mz\/pt\/wp-content\/uploads\/2022\/05\/Precario-Simplificado.pdf\">pre\u00e7\u00e1rio <\/a>\u00a0.<u><\/u><\/p>\n","protected":false},"excerpt":{"rendered":"<p>INSS Pague a Seguran\u00e7a Social de forma f\u00e1cil, confort\u00e1vel e segura. A Seguran\u00e7a Social \u00e9&#8230;<\/p>\n","protected":false},"author":13,"featured_media":0,"parent":2275,"menu_order":0,"comment_status":"closed","ping_status":"closed","template":"","meta":{"_acf_changed":false,"footnotes":""},"class_list":["post-3975","page","type-page","status-publish","hentry"],"acf":[],"_links":{"self":[{"href":"https:\/\/www.firstcapitalbank.co.mz\/pt\/wp-json\/wp\/v2\/pages\/3975","targetHints":{"allow":["GET"]}}],"collection":[{"href":"https:\/\/www.firstcapitalbank.co.mz\/pt\/wp-json\/wp\/v2\/pages"}],"about":[{"href":"https:\/\/www.firstcapitalbank.co.mz\/pt\/wp-json\/wp\/v2\/types\/page"}],"author":[{"embeddable":true,"href":"https:\/\/www.firstcapitalbank.co.mz\/pt\/wp-json\/wp\/v2\/users\/13"}],"replies":[{"embeddable":true,"href":"https:\/\/www.firstcapitalbank.co.mz\/pt\/wp-json\/wp\/v2\/comments?post=3975"}],"version-history":[{"count":3,"href":"https:\/\/www.firstcapitalbank.co.mz\/pt\/wp-json\/wp\/v2\/pages\/3975\/revisions"}],"predecessor-version":[{"id":4001,"href":"https:\/\/www.firstcapitalbank.co.mz\/pt\/wp-json\/wp\/v2\/pages\/3975\/revisions\/4001"}],"up":[{"embeddable":true,"href":"https:\/\/www.firstcapitalbank.co.mz\/pt\/wp-json\/wp\/v2\/pages\/2275"}],"wp:attachment":[{"href":"https:\/\/www.firstcapitalbank.co.mz\/pt\/wp-json\/wp\/v2\/media?parent=3975"}],"curies":[{"name":"wp","href":"https:\/\/api.w.org\/{rel}","templated":true}]}}