{"id":3963,"date":"2022-05-24T20:21:03","date_gmt":"2022-05-24T18:21:03","guid":{"rendered":"https:\/\/firstcapitalbank.co.mz\/pt\/?page_id=3963"},"modified":"2022-07-07T12:39:02","modified_gmt":"2022-07-07T10:39:02","slug":"e-declaracao","status":"publish","type":"page","link":"https:\/\/www.firstcapitalbank.co.mz\/pt\/corporate-2\/services\/e-declaracao\/","title":{"rendered":"E-Declara\u00e7\u00e3o"},"content":{"rendered":"<h1>E-Declara\u00e7\u00e3o<\/h1>\n<p>e-Declara\u00e7\u00e3o \u00e9 um sistema disponibilizado pela Autoridade Tribut\u00e1ria de Mo\u00e7ambique para a submiss\u00e3o de declara\u00e7\u00f5es de natureza fiscal, via internet, de forma remota (sem ter que se deslocar a DAF), para o apuramento do imposto, processo atrav\u00e9s do qual se obt\u00e9m uma Refer\u00eancia (GARE) para o pagamento usando canais banc\u00e1rios tais como Boca de Caixa, ATM, Internet Banking POS, Mobile Banking, etc.<\/p>\n<h2>Vantagens<\/h2>\n<ul>\n<li>Melhora a contabilidade fiscal;<\/li>\n<li>Reduz os custos administrativos;<\/li>\n<li>Flexibiliza a cobran\u00e7a de receitas;<\/li>\n<li>Reduz o manuseamento de dinheiro;<\/li>\n<li>Reduz a fraude no pagamento de impostos;<\/li>\n<li>Simplifica a declara\u00e7\u00e3o de impostos e os procedimentos de pagamento.<\/li>\n<\/ul>\n<h1>Tipos de impostos que pode pagar no First Capital Bank com o sistema e-declara\u00e7\u00e3o<\/h1>\n<ul>\n<li>IRPC, modelo 39;<\/li>\n<li>IRPS, modelo 19;<\/li>\n<li>Modelo B (Outros impostos).<\/li>\n<\/ul>\n<h2>Como efectuar o pagamento de impostos no First Capital Bank?<\/h2>\n<p>Todas as refer\u00eancias emitidas no sistema e-Declara\u00e7\u00e3o podem ser pagas no First Capital Bank. No acto do pagamento, o contribuinte deve apresentar-se com a refer\u00eancia de pagamento impressa. O contribuinte est\u00e1 livre de optar por qualquer um dos canais banc\u00e1rios oferecidos pelo banco. Ap\u00f3s o pagamento \u00e9 importante exigir o recibo de pagamento do imposto, contendo os detalhes confirmativos do pagamento.<\/p>\n<h2>Como aderir ao processo de pagamento via banco?<\/h2>\n<p>Abaixo s\u00e3o apresentados os principais passos para aderir ao processo de pagamento via Banco:<\/p>\n<p><strong>Passo 1:<\/strong> Aceder ao sistema a partir do endere\u00e7o <a href=\"https:\/\/edeclaracao.at.gov.mz\/\">https:\/\/edeclaracao.at.gov.mz\/<\/a>.<\/p>\n<p><strong>Passo 2:<\/strong> Ao clicar no item aderir (Baixe e Imprima o Formul\u00e1rio de ades\u00e3o), o sistema automaticamente descarrega um formul\u00e1rio de ades\u00e3o.<\/p>\n<p><strong>Passo 3:<\/strong> Impresso o formul\u00e1rio de ades\u00e3o, o contribuinte deve submeter o formul\u00e1rio na \u00e1rea fiscal de perten\u00e7a. Ap\u00f3s a submiss\u00e3o do formul\u00e1rio na DAF, ser\u00e3o lhe enviado as cred\u00eancias de acesso ao sistema, por email ou outra forma em vigor.<\/p>\n<p><strong>Passo 4:<\/strong> Assim que receber as credenciais \u00e9 s\u00f3 fazer o login e proceder com a submiss\u00e3o das suas declara\u00e7\u00f5es onde vai ser gerada a refer\u00eancia (Gare).<\/p>\n<p><strong>Passo 5:<\/strong> Dirigir-se a uma das nossas ag\u00eancias e proceder com o pagamento da guia.<\/p>\n<p>&nbsp;<\/p>\n","protected":false},"excerpt":{"rendered":"<p>E-Declara\u00e7\u00e3o e-Declara\u00e7\u00e3o \u00e9 um sistema disponibilizado pela Autoridade Tribut\u00e1ria de Mo\u00e7ambique para a submiss\u00e3o de&#8230;<\/p>\n","protected":false},"author":13,"featured_media":4002,"parent":489,"menu_order":0,"comment_status":"closed","ping_status":"closed","template":"","meta":{"_acf_changed":false,"footnotes":""},"class_list":["post-3963","page","type-page","status-publish","has-post-thumbnail","hentry"],"acf":[],"_links":{"self":[{"href":"https:\/\/www.firstcapitalbank.co.mz\/pt\/wp-json\/wp\/v2\/pages\/3963","targetHints":{"allow":["GET"]}}],"collection":[{"href":"https:\/\/www.firstcapitalbank.co.mz\/pt\/wp-json\/wp\/v2\/pages"}],"about":[{"href":"https:\/\/www.firstcapitalbank.co.mz\/pt\/wp-json\/wp\/v2\/types\/page"}],"author":[{"embeddable":true,"href":"https:\/\/www.firstcapitalbank.co.mz\/pt\/wp-json\/wp\/v2\/users\/13"}],"replies":[{"embeddable":true,"href":"https:\/\/www.firstcapitalbank.co.mz\/pt\/wp-json\/wp\/v2\/comments?post=3963"}],"version-history":[{"count":3,"href":"https:\/\/www.firstcapitalbank.co.mz\/pt\/wp-json\/wp\/v2\/pages\/3963\/revisions"}],"predecessor-version":[{"id":4075,"href":"https:\/\/www.firstcapitalbank.co.mz\/pt\/wp-json\/wp\/v2\/pages\/3963\/revisions\/4075"}],"up":[{"embeddable":true,"href":"https:\/\/www.firstcapitalbank.co.mz\/pt\/wp-json\/wp\/v2\/pages\/489"}],"wp:featuredmedia":[{"embeddable":true,"href":"https:\/\/www.firstcapitalbank.co.mz\/pt\/wp-json\/wp\/v2\/media\/4002"}],"wp:attachment":[{"href":"https:\/\/www.firstcapitalbank.co.mz\/pt\/wp-json\/wp\/v2\/media?parent=3963"}],"curies":[{"name":"wp","href":"https:\/\/api.w.org\/{rel}","templated":true}]}}