{"id":392,"date":"2018-09-03T09:34:41","date_gmt":"2018-09-03T09:34:41","guid":{"rendered":"https:\/\/www.firstcapitalbank.co.mz\/pt?page_id=392"},"modified":"2026-05-06T09:14:21","modified_gmt":"2026-05-06T07:14:21","slug":"internet-banking","status":"publish","type":"page","link":"https:\/\/www.firstcapitalbank.co.mz\/pt\/personal\/banca-digital\/internet-banking\/","title":{"rendered":"Internet Banking"},"content":{"rendered":"<h3>Controle as suas finan\u00e7as &#8211; on-line, a qualquer momento!<\/h3>\n<p>O Internet Banking pode ser utilizado atrav\u00e9s do seu computador ou telem\u00f3vel, a qualquer momento e em qualquer lugar, desde que esteja ligado \u00e0 internet.<\/p>\n<h3>Com o Internet Banking pode:<\/h3>\n<ul>\n<li>Personalizar o seu painel;<\/li>\n<li>Verificar saldos;<\/li>\n<li>Obter extractos banc\u00e1rios em Excel, PDF e CSV;<\/li>\n<li>Gerir contas correntes e de poupan\u00e7a;<\/li>\n<li>Efectuar transfer\u00eancias instant\u00e2neas e para carteiras m\u00f3veis;<\/li>\n<li>Agendar pagamentos;<\/li>\n<li>Ver transac\u00e7\u00f5es completas e incompletas;<\/li>\n<li>Verificar o saldo e os movimentos efectuados na sua conta;<\/li>\n<li>Ter um bordeaux de todas as transac\u00e7\u00f5es;<\/li>\n<li>Pagamento de Servi\u00e7os (INSS e JUE e-Declara\u00e7\u00e3o).<\/li>\n<li>Trocar mensagens SMS com o seu gestor de conta;<\/li>\n<li>Requisitar livro de cheques.<\/li>\n<\/ul>\n<p>&nbsp;<\/p>\n<p><a href=\"https:\/\/firstcapitalbank.co.mz\/pt\/wp-content\/uploads\/2021\/12\/INTERNET-BANKING-PT-POSTER-scaled.jpg\"><img loading=\"lazy\" decoding=\"async\" class=\"alignnone size-large wp-image-3857\" src=\"https:\/\/firstcapitalbank.co.mz\/pt\/wp-content\/uploads\/2021\/12\/INTERNET-BANKING-PT-POSTER-1024x683.jpg\" alt=\"\" width=\"1024\" height=\"683\" srcset=\"https:\/\/www.firstcapitalbank.co.mz\/pt\/wp-content\/uploads\/2021\/12\/INTERNET-BANKING-PT-POSTER-1024x683.jpg 1024w, https:\/\/www.firstcapitalbank.co.mz\/pt\/wp-content\/uploads\/2021\/12\/INTERNET-BANKING-PT-POSTER-300x200.jpg 300w, https:\/\/www.firstcapitalbank.co.mz\/pt\/wp-content\/uploads\/2021\/12\/INTERNET-BANKING-PT-POSTER-768x512.jpg 768w, https:\/\/www.firstcapitalbank.co.mz\/pt\/wp-content\/uploads\/2021\/12\/INTERNET-BANKING-PT-POSTER-1536x1024.jpg 1536w, https:\/\/www.firstcapitalbank.co.mz\/pt\/wp-content\/uploads\/2021\/12\/INTERNET-BANKING-PT-POSTER-2048x1366.jpg 2048w\" sizes=\"auto, (min-width: 960px) 75vw, 100vw\" \/><\/a><\/p>\n<p>&nbsp;<\/p>\n","protected":false},"excerpt":{"rendered":"<p>Controle as suas finan\u00e7as &#8211; on-line, a qualquer momento! O Internet Banking pode ser utilizado&#8230;<\/p>\n","protected":false},"author":13,"featured_media":1659,"parent":388,"menu_order":0,"comment_status":"closed","ping_status":"closed","template":"internet banking.php","meta":{"_acf_changed":false,"footnotes":""},"class_list":["post-392","page","type-page","status-publish","has-post-thumbnail","hentry"],"acf":[],"_links":{"self":[{"href":"https:\/\/www.firstcapitalbank.co.mz\/pt\/wp-json\/wp\/v2\/pages\/392","targetHints":{"allow":["GET"]}}],"collection":[{"href":"https:\/\/www.firstcapitalbank.co.mz\/pt\/wp-json\/wp\/v2\/pages"}],"about":[{"href":"https:\/\/www.firstcapitalbank.co.mz\/pt\/wp-json\/wp\/v2\/types\/page"}],"author":[{"embeddable":true,"href":"https:\/\/www.firstcapitalbank.co.mz\/pt\/wp-json\/wp\/v2\/users\/13"}],"replies":[{"embeddable":true,"href":"https:\/\/www.firstcapitalbank.co.mz\/pt\/wp-json\/wp\/v2\/comments?post=392"}],"version-history":[{"count":13,"href":"https:\/\/www.firstcapitalbank.co.mz\/pt\/wp-json\/wp\/v2\/pages\/392\/revisions"}],"predecessor-version":[{"id":5797,"href":"https:\/\/www.firstcapitalbank.co.mz\/pt\/wp-json\/wp\/v2\/pages\/392\/revisions\/5797"}],"up":[{"embeddable":true,"href":"https:\/\/www.firstcapitalbank.co.mz\/pt\/wp-json\/wp\/v2\/pages\/388"}],"wp:featuredmedia":[{"embeddable":true,"href":"https:\/\/www.firstcapitalbank.co.mz\/pt\/wp-json\/wp\/v2\/media\/1659"}],"wp:attachment":[{"href":"https:\/\/www.firstcapitalbank.co.mz\/pt\/wp-json\/wp\/v2\/media?parent=392"}],"curies":[{"name":"wp","href":"https:\/\/api.w.org\/{rel}","templated":true}]}}