{"id":3892,"date":"2022-03-14T14:07:57","date_gmt":"2022-03-14T12:07:57","guid":{"rendered":"https:\/\/firstcapitalbank.co.mz\/pt\/?page_id=3892"},"modified":"2026-02-23T16:45:14","modified_gmt":"2026-02-23T14:45:14","slug":"credito-ao-funcionario-publico","status":"publish","type":"page","link":"https:\/\/www.firstcapitalbank.co.mz\/pt\/personal\/credito\/credito-ao-funcionario-publico\/","title":{"rendered":"Cr\u00e9dito ao Funcion\u00e1rio P\u00fablico"},"content":{"rendered":"<p>O Cr\u00e9dito ao Funcion\u00e1rio P\u00fablico do First Capital Bank \u00e9 uma solu\u00e7\u00e3o de financiamento seguro concebida para apoiar no desenvolvimento de projectos pessoais e\/ou profissionais do funcion\u00e1rio p\u00fablico.<\/p>\n<p>Trata-se de empr\u00e9stimos de curto, m\u00e9dio e\/ou longo prazo cuja maturidade pode variar de 6 a 84 meses para o per\u00edodo de reembolso, com taxa administrativa de 12% e taxa de juro mensal entre 2.92% a 3.75% dependendo do prazo do empr\u00e9stimo.<\/p>\n<p><strong>Nota:<\/strong> Novas taxas de juros com efeitos a partir do dia 9 de Junho de 2025.<\/p>\n<p>O First Capital Bank foi devidamente registado pelo CEDSIF com c\u00f3digo n\u00famero 437, para conceder empr\u00e9stimos aos funcion\u00e1rios p\u00fablicos.<\/p>\n<h3><strong>VANTAGENS DO EMPR\u00c9STIMO<\/strong><\/h3>\n<p>\u2013 Taxa de juro fixa e atractiva;<\/p>\n<p>\u2013 Desembolso em 24h a 72h;<\/p>\n<p>\u2013 N\u00e3o necessita de abrir conta banc\u00e1ria;<\/p>\n<p>\u2013 Seguro de vida de 0.109% mensal incluso na presta\u00e7\u00e3o;<\/p>\n<p>\u2013 Per\u00edodo de reembolso flex\u00edvel 6 at\u00e9 84 meses;<\/p>\n<p>\u2013 Valor de desembolso at\u00e9 2.000.000 Meticais.<\/p>\n<h3><strong>REQUISITOS<\/strong><\/h3>\n<p>\u2013 C\u00f3pia e foto original do BI\/ Passaporte\/ Tal\u00e3o do BI acompanhado de uma c\u00f3pia do<\/p>\n<p>BI expirado;<\/p>\n<p>\u2013 C\u00f3pia do BI do benefici\u00e1rio de seguro;<\/p>\n<p>\u2013 NUIT;<\/p>\n<p>\u2013 Declara\u00e7\u00e3o de rendimentos\/Recibo de sal\u00e1rio;<\/p>\n<p>\u2013 Recibo da ATM assinado pelo cliente\/ Documento de Detalhes Banc\u00e1rios contendo o<\/p>\n<p>NIB da conta salarial;<\/p>\n<p>\u2013 Declara\u00e7\u00e3o do bairro \/ contrato de energia \/ factura de \u00e1gua (em nome do cliente);<\/p>\n<p>\u2013 Cota\u00e7\u00e3o da consolida\u00e7\u00e3o da d\u00edvida (em caso de liquida\u00e7\u00e3o da d\u00edvida).<\/p>\n<h3><strong>SIMULA\u00c7\u00c3O<\/strong><\/h3>\n<p>\u2013 Montante do financiamento: 50.000,00 MT;<\/p>\n<p>\u2013 Per\u00edodo: 84 meses;<\/p>\n<p>\u2013 Taxa de juros mensal fixa: 2,92%;<\/p>\n<p>\u2013 Presta\u00e7\u00e3o mensal 1.757,98 MT;<\/p>\n<h3><strong>Tabela de pre\u00e7\u00e1rio<\/strong><\/h3>\n<table width=\"156\">\n<tbody>\n<tr>\n<td width=\"53\"><strong>Prazo<\/strong><\/td>\n<td width=\"103\"><strong>Juros mensal<\/strong><\/td>\n<\/tr>\n<tr>\n<td width=\"53\">6<\/td>\n<td width=\"103\">3.75%<\/td>\n<\/tr>\n<tr>\n<td width=\"53\">9<\/td>\n<td width=\"103\">3.75%<\/td>\n<\/tr>\n<tr>\n<td width=\"53\">12<\/td>\n<td width=\"103\">3.50%<\/td>\n<\/tr>\n<tr>\n<td width=\"53\">24<\/td>\n<td width=\"103\">3.42%<\/td>\n<\/tr>\n<tr>\n<td width=\"53\">36<\/td>\n<td width=\"103\">3.38%<\/td>\n<\/tr>\n<tr>\n<td width=\"53\">48<\/td>\n<td width=\"103\">3.21%<\/td>\n<\/tr>\n<tr>\n<td width=\"53\">60<\/td>\n<td width=\"103\">3.13%<\/td>\n<\/tr>\n<tr>\n<td width=\"53\">72<\/td>\n<td width=\"103\">3.00%<\/td>\n<\/tr>\n<tr>\n<td width=\"53\">84<\/td>\n<td width=\"103\">2.92%<\/td>\n<\/tr>\n<\/tbody>\n<\/table>\n<h3><\/h3>\n<h3><strong>TEMPO DE DESEMBOLSO<\/strong><\/h3>\n<p>Uma vez cumpridos todos os requisitos necess\u00e1rios e conforme a Pol\u00edtica de Cr\u00e9dito Banc\u00e1rio, o desembolso \u00e9 efectuado em um per\u00edodo de 24 a 72 horas \u00fateis.<\/p>\n<p>Os nossos Consultores de Vendas est\u00e3o \u00e0 sua disposi\u00e7\u00e3o para atender a todas as suas necessidades financeiras no conforto da sua regi\u00e3o.<\/p>\n<p>Para mais informa\u00e7\u00f5es, por favor contacte:<\/p>\n<p>Email: <a href=\"mailto:credito.publico@firstcapitalbank.co.mz\">credito.publico@firstcapitalbank.co.mz<\/a><\/p>\n<p>&nbsp;<\/p>\n<p>&nbsp;<\/p>\n<table style=\"height: 871px;\" width=\"1139\">\n<tbody>\n<tr>\n<td width=\"230\"><strong>Agente banc\u00e1rio<\/strong><\/td>\n<td width=\"122\"><strong>Contactos<\/strong><\/td>\n<td width=\"642\"><strong>Localiza\u00e7\u00e3o<\/strong><\/td>\n<\/tr>\n<tr>\n<td width=\"230\">Agente Beira<\/td>\n<td width=\"122\">842579224<\/td>\n<td width=\"642\">Cidade da Beira &#8211; Bairo Maquinino, AG Beira Shopping<\/td>\n<\/tr>\n<tr>\n<td>Ekitalci Consultoria e Investments, Lda &#8211; Beira<\/td>\n<td>825137064<\/td>\n<td>Cidade da Beira &#8211; Rua Lu\u00eds In\u00e1cio, Corredor da Emose, B\u00ba Chaimite<\/td>\n<\/tr>\n<tr>\n<td width=\"230\">Agente Nampula<\/td>\n<td width=\"122\">846380835<\/td>\n<td width=\"642\">Cidade de Nampula &#8211; Bairo Muahivire, Rua de Quelimane, M\u00f3nica Shopping, Loja G1,<\/td>\n<\/tr>\n<tr>\n<td>Ekitalci Consultoria e Investments, Lda &#8211; Nampula<\/td>\n<td>879838637<\/td>\n<td>Cidade de Nampula &#8211; B\u00bao Central, Av. Paulo Samuel Kankhomba, 1\u00ba andar, Loja n\u00ba 11<\/td>\n<\/tr>\n<tr>\n<td width=\"230\">Agente Tete<\/td>\n<td width=\"122\">845027177<\/td>\n<td width=\"642\">Cidade de Tete &#8211; Av. da Independ\u00eancia, Loja n\u00b0 5 (em frente \u00e0 Escola Prim\u00e1ria III Congresso)<\/td>\n<\/tr>\n<tr>\n<td width=\"230\">Agente Manica<\/td>\n<td width=\"122\">845075649<\/td>\n<td width=\"642\">Cidade de Chimoio &#8211; Bairro Eduardo Mondlane, Rua do Baru\u00e9, Loja n\u00b0 26<\/td>\n<\/tr>\n<tr>\n<td width=\"230\">Agente Pemba<\/td>\n<td width=\"122\">845490520<\/td>\n<td width=\"642\">Cidade de Pemba &#8211; Edif\u00edcio de im\u00f3veis 25 de Setembro, Av. 25 de Setembro, n\u00ba 08 (R\/C)<\/td>\n<\/tr>\n<tr>\n<td width=\"230\">Agente Quelimane<\/td>\n<td width=\"122\">844689322<\/td>\n<td width=\"642\">Cidade de Quelimane &#8211; Edif\u00edcio da Drogaria da Zamb\u00e9zia, Avenida 1 de Julho, n\u00ba 1.070, 1\u00ba andar<\/td>\n<\/tr>\n<tr>\n<td width=\"230\">Agente Gaza<\/td>\n<td width=\"122\">848246321<\/td>\n<td width=\"642\">Cidade de Xai-Xai &#8211; Rua M\u00e1rtires de Wiriamo Loja n\u00ba. 03 R\/C<\/td>\n<\/tr>\n<tr>\n<td width=\"230\">Agente Niassa<\/td>\n<td width=\"122\">867942950<\/td>\n<td width=\"642\">Cidade de Lichinga &#8211; Av. do Trabalho (ao lado da Movitel em frente ao Comando da PRM)<\/td>\n<\/tr>\n<tr>\n<td width=\"230\">Agente Inhambane<\/td>\n<td width=\"122\">842821036<\/td>\n<td width=\"642\">Cidade da Maxixe \u2013 Av. Karl Max (pr\u00f3ximo \u00e0 Escola Prim\u00e1ria e Secund\u00e1ria)<\/td>\n<\/tr>\n<tr>\n<td width=\"230\">Manya Sales, Lda &#8211; Maputo<\/td>\n<td width=\"122\">842672716<\/td>\n<td width=\"642\">Cidade de Maputo &#8211; AV. Amilcar Cabral n\u00b0 640, Bairro Polana Cimento, Maputo<\/td>\n<\/tr>\n<tr>\n<td width=\"230\">Cacos Sociedade de Investimento, SA &#8211; Maputo<\/td>\n<td width=\"122\">843660000<\/td>\n<td>Cidade de Maputo &#8211; Bairro Alto Ma\u00e9 \u201cB\u201d, Av. Ahmed S\u00e9kou Tour\u00e9, n\u00ba 3630, R\/C<\/td>\n<\/tr>\n<tr>\n<td>Ekitalci Consultoria e Investments, Lda &#8211; Maputo<\/td>\n<td>840200064<\/td>\n<td>Cidade de Maputo &#8211; Bairro Central, Av. Eduardo Mondlane, n\u00ba 1927, 1\u00ba Andar<\/td>\n<\/tr>\n<tr>\n<td>Munguno, 2JM, Lda<\/td>\n<td>871029147<\/td>\n<td>Cidade de Maputo &#8211; Bairro da Polana, Rua Jo\u00e3o Carlos Beir\u00e3o, n\u00ba 329, R\/C<\/td>\n<\/tr>\n<tr>\n<td>\u00c1guia Consultores, Lda<\/td>\n<td>872143845<\/td>\n<td>Cidade de Maputo &#8211; Bairro Central, Av. Karl Max, n\u00ba 1839, R\/C<\/td>\n<\/tr>\n<tr>\n<td>Step A-Head, Lda<\/td>\n<td>846601679<\/td>\n<td>Cidade de Maputo &#8211; Bairro da Polana, Rua Alfredo Keil, n\u00ba 2, 6\u00ba Andar, Flat 16<\/td>\n<\/tr>\n<\/tbody>\n<\/table>\n<p>&nbsp;<\/p>\n<p>Produtos e servi\u00e7os prestados pelo agente banc\u00e1rio:<\/p>\n<ul>\n<li>Origina\u00e7\u00e3o dos processos de cr\u00e9dito do segmento do funcion\u00e1rio publico;<\/li>\n<li>Carregamentos dos processos de credito do segmento funcion\u00e1rio p\u00fablico no sistema LAM;<\/li>\n<li>Fornecer informa\u00e7\u00f5es aos clientes em rela\u00e7\u00e3o aos extractos e planos de amortiza\u00e7\u00e3o;<\/li>\n<li>Atendimento aos clientes do segmento ao funcion\u00e1rio p\u00fablico.<\/li>\n<\/ul>\n","protected":false},"excerpt":{"rendered":"<p>O Cr\u00e9dito ao Funcion\u00e1rio P\u00fablico do First Capital Bank \u00e9 uma solu\u00e7\u00e3o de financiamento seguro&#8230;<\/p>\n","protected":false},"author":13,"featured_media":0,"parent":396,"menu_order":0,"comment_status":"closed","ping_status":"closed","template":"","meta":{"_acf_changed":false,"footnotes":""},"class_list":["post-3892","page","type-page","status-publish","hentry"],"acf":[],"_links":{"self":[{"href":"https:\/\/www.firstcapitalbank.co.mz\/pt\/wp-json\/wp\/v2\/pages\/3892","targetHints":{"allow":["GET"]}}],"collection":[{"href":"https:\/\/www.firstcapitalbank.co.mz\/pt\/wp-json\/wp\/v2\/pages"}],"about":[{"href":"https:\/\/www.firstcapitalbank.co.mz\/pt\/wp-json\/wp\/v2\/types\/page"}],"author":[{"embeddable":true,"href":"https:\/\/www.firstcapitalbank.co.mz\/pt\/wp-json\/wp\/v2\/users\/13"}],"replies":[{"embeddable":true,"href":"https:\/\/www.firstcapitalbank.co.mz\/pt\/wp-json\/wp\/v2\/comments?post=3892"}],"version-history":[{"count":38,"href":"https:\/\/www.firstcapitalbank.co.mz\/pt\/wp-json\/wp\/v2\/pages\/3892\/revisions"}],"predecessor-version":[{"id":5645,"href":"https:\/\/www.firstcapitalbank.co.mz\/pt\/wp-json\/wp\/v2\/pages\/3892\/revisions\/5645"}],"up":[{"embeddable":true,"href":"https:\/\/www.firstcapitalbank.co.mz\/pt\/wp-json\/wp\/v2\/pages\/396"}],"wp:attachment":[{"href":"https:\/\/www.firstcapitalbank.co.mz\/pt\/wp-json\/wp\/v2\/media?parent=3892"}],"curies":[{"name":"wp","href":"https:\/\/api.w.org\/{rel}","templated":true}]}}