{"id":3682,"date":"2021-05-24T12:53:25","date_gmt":"2021-05-24T10:53:25","guid":{"rendered":"https:\/\/firstcapitalbank.co.mz\/pt\/?page_id=3682"},"modified":"2026-03-10T10:10:54","modified_gmt":"2026-03-10T08:10:54","slug":"fichas-de-informacao-normalizada","status":"publish","type":"page","link":"https:\/\/www.firstcapitalbank.co.mz\/pt\/about\/resources\/fichas-de-informacao-normalizada\/","title":{"rendered":"Fichas de Informa\u00e7\u00e3o Normalizada"},"content":{"rendered":"<ul>\n<li><a href=\"https:\/\/www.firstcapitalbank.co.mz\/pt\/wp-content\/uploads\/2026\/03\/Ficha-de-Informacao-Normalizada-de-Credito-FINC-Credito-de-Rendas-Rotativo-de-Curto-Prazo.pdf\">Ficha de Informa\u00e7\u00e3o Normalizada de Cr\u00e9dito (FINC) \u2013 Cr\u00e9dito de Rendas Rotativo de Curto Prazo<\/a><\/li>\n<li><a href=\"https:\/\/www.firstcapitalbank.co.mz\/pt\/wp-content\/uploads\/2026\/03\/Ficha-de-Informacao-Normalizada-de-Credito-FINC-Credito-ao-Funcionario-Publico.pdf\">Ficha de Informa\u00e7\u00e3o Normalizada de Cr\u00e9dito (FINC) \u2013 Cr\u00e9dito ao Funcion\u00e1rio P\u00fablico<\/a><\/li>\n<li><a href=\"https:\/\/www.firstcapitalbank.co.mz\/pt\/wp-content\/uploads\/2026\/03\/Ficha-de-Informacao-Normalizada-de-Credito-FINC-Conta-Emprestimo.pdf\">Ficha de Informa\u00e7\u00e3o Normalizada de Cr\u00e9dito (FINC) \u2013 Conta Empr\u00e9stimo<\/a><\/li>\n<li><a href=\"https:\/\/www.firstcapitalbank.co.mz\/pt\/wp-content\/uploads\/2026\/03\/Ficha-de-Informacao-Normalizada-de-Credito-FINC-Credito-Documentario-Carta-de-Credito.pdf\">Ficha de Informa\u00e7\u00e3o Normalizada de Cr\u00e9dito (FINC) \u2013 Cr\u00e9dito Document\u00e1rio (Carta de Cr\u00e9dito)<\/a><\/li>\n<li><a href=\"https:\/\/www.firstcapitalbank.co.mz\/pt\/wp-content\/uploads\/2026\/03\/Ficha-de-Informacao-Normalizada-de-Credito-FINC-Descoberto-Autorizado-Gestao-de-Cheques.pdf\">Ficha de Informa\u00e7\u00e3o Normalizada de Cr\u00e9dito (FINC) \u2013 Descoberto Autorizado \u2013 Gest\u00e3o de Cheques<\/a><\/li>\n<li><a href=\"https:\/\/www.firstcapitalbank.co.mz\/pt\/wp-content\/uploads\/2026\/03\/Ficha-de-Informacao-Normalizada-de-Credito-FINC-Descoberto-Autorizado.pdf\">Ficha de Informa\u00e7\u00e3o Normalizada de Cr\u00e9dito (FINC) \u2013 Descoberto Autorizado<\/a><\/li>\n<li><a href=\"https:\/\/www.firstcapitalbank.co.mz\/pt\/wp-content\/uploads\/2026\/03\/Ficha-de-Informacao-Normalizada-de-Credito-FINC-Garantias-Bancarias.pdf\">Ficha de Informa\u00e7\u00e3o Normalizada de Produtos \u2013 Garantias Banc\u00e1rias<\/a><\/li>\n<li><a href=\"https:\/\/www.firstcapitalbank.co.mz\/pt\/wp-content\/uploads\/2026\/03\/Ficha-de-Informacao-Normalizada-de-Produtos-Host-to-Host.pdf\">Ficha de Informa\u00e7\u00e3o Normalizada de Produtos \u2013 Host to Host<\/a><\/li>\n<li><a href=\"https:\/\/www.firstcapitalbank.co.mz\/pt\/wp-content\/uploads\/2026\/03\/Ficha-de-Informacao-Normalizada-de-Produtos-INSS.pdf\">Ficha de Informa\u00e7\u00e3o Normalizada de Produtos \u2013 INSS<\/a><\/li>\n<li><a href=\"https:\/\/www.firstcapitalbank.co.mz\/pt\/wp-content\/uploads\/2026\/03\/Ficha-de-Informacao-Normalizada-de-Produtos-e-DECLARACAO.pdf\">Ficha de Informa\u00e7\u00e3o Normalizada de Produtos \u2013 e-DECLARA\u00c7\u00c3O<\/a><\/li>\n<li><a href=\"https:\/\/www.firstcapitalbank.co.mz\/pt\/wp-content\/uploads\/2026\/03\/Ficha-de-Informacao-Normalizada-de-Produtos-Internet-Banking.pdf\">Ficha de Informa\u00e7\u00e3o Normalizada de Produtos \u2013 Internet Banking<\/a><\/li>\n<li><a href=\"https:\/\/www.firstcapitalbank.co.mz\/pt\/wp-content\/uploads\/2026\/03\/Ficha-de-Informacao-Normalizada-de-Produtos-MTR.pdf\">Ficha de Informa\u00e7\u00e3o Normalizada de Produtos \u2013 MTR<\/a><\/li>\n<li><a href=\"https:\/\/www.firstcapitalbank.co.mz\/pt\/wp-content\/uploads\/2026\/03\/Ficha-de-Informacao-Normalizada-de-Produtos-Transferencias-Internacionais.pdf\">Ficha de Informa\u00e7\u00e3o Normalizada de Produtos \u2013 Transfer\u00eancias Internacionais<\/a><\/li>\n<li><a href=\"https:\/\/www.firstcapitalbank.co.mz\/pt\/wp-content\/uploads\/2026\/03\/Ficha-de-Informacao-Normalizada-de-Produtos-Transferencias-Nacionais-.pdf\">Ficha de Informa\u00e7\u00e3o Normalizada de Produtos \u2013 Transfer\u00eancias Nacionais<\/a><\/li>\n<li><a href=\"https:\/\/www.firstcapitalbank.co.mz\/pt\/wp-content\/uploads\/2026\/03\/Ficha-de-Informacao-Normalizada-de-Produtos-JUE.pdf\">Ficha de Informa\u00e7\u00e3o Normalizada de Produtos \u2013 JUE<\/a><\/li>\n<li><a href=\"https:\/\/www.firstcapitalbank.co.mz\/pt\/wp-content\/uploads\/2026\/03\/Ficha-de-Informacao-Normalizada-para-Depositos-Conta-corrente.pdf\">Ficha de Informa\u00e7\u00e3o Normalizada para Dep\u00f3sitos \u2013 Conta corrente<\/a><\/li>\n<li><a href=\"https:\/\/www.firstcapitalbank.co.mz\/pt\/wp-content\/uploads\/2026\/03\/Ficha-de-Informacao-Normalizada-para-Depositos-Conta-Deposito-a-Prazo.pdf\">Ficha de Informa\u00e7\u00e3o Normalizada para Dep\u00f3sitos \u2013 Conta Dep\u00f3sito a Prazo<\/a><\/li>\n<\/ul>\n","protected":false},"excerpt":{"rendered":"<p>Ficha de Informa\u00e7\u00e3o Normalizada de Cr\u00e9dito (FINC) \u2013 Cr\u00e9dito de Rendas Rotativo de Curto Prazo&#8230;<\/p>\n","protected":false},"author":13,"featured_media":0,"parent":860,"menu_order":0,"comment_status":"closed","ping_status":"closed","template":"","meta":{"_acf_changed":false,"footnotes":""},"class_list":["post-3682","page","type-page","status-publish","hentry"],"acf":[],"_links":{"self":[{"href":"https:\/\/www.firstcapitalbank.co.mz\/pt\/wp-json\/wp\/v2\/pages\/3682","targetHints":{"allow":["GET"]}}],"collection":[{"href":"https:\/\/www.firstcapitalbank.co.mz\/pt\/wp-json\/wp\/v2\/pages"}],"about":[{"href":"https:\/\/www.firstcapitalbank.co.mz\/pt\/wp-json\/wp\/v2\/types\/page"}],"author":[{"embeddable":true,"href":"https:\/\/www.firstcapitalbank.co.mz\/pt\/wp-json\/wp\/v2\/users\/13"}],"replies":[{"embeddable":true,"href":"https:\/\/www.firstcapitalbank.co.mz\/pt\/wp-json\/wp\/v2\/comments?post=3682"}],"version-history":[{"count":10,"href":"https:\/\/www.firstcapitalbank.co.mz\/pt\/wp-json\/wp\/v2\/pages\/3682\/revisions"}],"predecessor-version":[{"id":5678,"href":"https:\/\/www.firstcapitalbank.co.mz\/pt\/wp-json\/wp\/v2\/pages\/3682\/revisions\/5678"}],"up":[{"embeddable":true,"href":"https:\/\/www.firstcapitalbank.co.mz\/pt\/wp-json\/wp\/v2\/pages\/860"}],"wp:attachment":[{"href":"https:\/\/www.firstcapitalbank.co.mz\/pt\/wp-json\/wp\/v2\/media?parent=3682"}],"curies":[{"name":"wp","href":"https:\/\/api.w.org\/{rel}","templated":true}]}}