{"id":3625,"date":"2021-02-19T12:16:03","date_gmt":"2021-02-19T10:16:03","guid":{"rendered":"https:\/\/firstcapitalbank.co.mz\/pt\/?page_id=3625"},"modified":"2021-02-19T12:18:56","modified_gmt":"2021-02-19T10:18:56","slug":"codigo-de-conduta-das-instituicoes-de-credito-e-sociedades-financeiras","status":"publish","type":"page","link":"https:\/\/www.firstcapitalbank.co.mz\/pt\/about\/governance\/governacao-corporativa\/codigo-de-conduta-das-instituicoes-de-credito-e-sociedades-financeiras\/","title":{"rendered":"C\u00f3digo de Conduta das Institui\u00e7\u00f5es de Credito e Sociedades Financeiras"},"content":{"rendered":"<p><a href=\"https:\/\/firstcapitalbank.co.mz\/pt\/wp-content\/uploads\/2021\/02\/Aviso-2GBM2018-de-16-de-Abril-Codigo-de-Conduta-das-Instituicoes-de-Credito-e-Sociedades-Financeiras-.pdf\">Aviso 2GBM2018 de 16 de Abril &#8211; C\u00f3digo de Conduta das Institui\u00e7\u00f5es de Credito e Sociedades Financeiras<\/a><\/p>\n","protected":false},"excerpt":{"rendered":"<p>Aviso 2GBM2018 de 16 de Abril &#8211; C\u00f3digo de Conduta das Institui\u00e7\u00f5es de Credito e&#8230;<\/p>\n","protected":false},"author":13,"featured_media":0,"parent":1568,"menu_order":0,"comment_status":"closed","ping_status":"closed","template":"","meta":{"_acf_changed":false,"footnotes":""},"class_list":["post-3625","page","type-page","status-publish","hentry"],"acf":[],"_links":{"self":[{"href":"https:\/\/www.firstcapitalbank.co.mz\/pt\/wp-json\/wp\/v2\/pages\/3625","targetHints":{"allow":["GET"]}}],"collection":[{"href":"https:\/\/www.firstcapitalbank.co.mz\/pt\/wp-json\/wp\/v2\/pages"}],"about":[{"href":"https:\/\/www.firstcapitalbank.co.mz\/pt\/wp-json\/wp\/v2\/types\/page"}],"author":[{"embeddable":true,"href":"https:\/\/www.firstcapitalbank.co.mz\/pt\/wp-json\/wp\/v2\/users\/13"}],"replies":[{"embeddable":true,"href":"https:\/\/www.firstcapitalbank.co.mz\/pt\/wp-json\/wp\/v2\/comments?post=3625"}],"version-history":[{"count":3,"href":"https:\/\/www.firstcapitalbank.co.mz\/pt\/wp-json\/wp\/v2\/pages\/3625\/revisions"}],"predecessor-version":[{"id":3628,"href":"https:\/\/www.firstcapitalbank.co.mz\/pt\/wp-json\/wp\/v2\/pages\/3625\/revisions\/3628"}],"up":[{"embeddable":true,"href":"https:\/\/www.firstcapitalbank.co.mz\/pt\/wp-json\/wp\/v2\/pages\/1568"}],"wp:attachment":[{"href":"https:\/\/www.firstcapitalbank.co.mz\/pt\/wp-json\/wp\/v2\/media?parent=3625"}],"curies":[{"name":"wp","href":"https:\/\/api.w.org\/{rel}","templated":true}]}}