{"id":341,"date":"2018-09-03T09:15:46","date_gmt":"2018-09-03T09:15:46","guid":{"rendered":"https:\/\/www.firstcapitalbank.co.mz\/pt?page_id=341"},"modified":"2019-08-09T16:47:57","modified_gmt":"2019-08-09T14:47:57","slug":"perfil-corporativo","status":"publish","type":"page","link":"https:\/\/www.firstcapitalbank.co.mz\/pt\/about\/our-company\/perfil-corporativo\/","title":{"rendered":"Perfil Corporativo"},"content":{"rendered":"<div class=\"fusion-layout-column fusion_builder_column fusion_builder_column_1_2 fusion-one-half fusion-column-last 1_2\">\n<div class=\"fusion-column-wrapper\" data-bg-url=\"\">\n<div class=\"fusion-clearfix\">\n<div class=\"fusion-text\">\n<h3>Sobre o FIRST CAPITAL BANK SA, MOZAMBIQUE<\/h3>\n<\/div>\n<div class=\"fusion-separator fusion-full-width-sep sep-none\">O First Capital Bank SA come\u00e7ou a operar em Mo\u00e7ambique em Julho de 2013, quando assumiu as opera\u00e7\u00f5es do International Commercial Bank. O First Capital Bank SA \u00e9 propriedade conjunta do FMBcapital Holdings plc (Grupo FMBCH) e de accionistas estrangeiros. O FMBcapital Holdings tem uma forte presen\u00e7a regional com opera\u00e7\u00f5es banc\u00e1rias em Mo\u00e7ambique, Botswana, Malawi, Zambia, e Zimbabwe.<\/div>\n<div class=\"fusion-text\">\n<p>Com uma abordagem centrada no cliente, flex\u00edvel e inovadora, a nossa crescente rede de ag\u00eancias oferece uma gama completa de servi\u00e7os banc\u00e1rios tradicionais e internacionais para os clientes particulares, corporativos e institucionais.<\/p>\n<p>AS NOSSAS FOR\u00c7AS<\/p>\n<\/div>\n<h4>Seguran\u00e7a Financeira<\/h4>\n<p>O Grupo apresenta uma forte liquidez e capital com todas as suas entidades operacionais mantendo n\u00edveis de liquidez e capital acima dos m\u00ednimos regulat\u00f3rios.<\/p>\n<h4>Pegada Regional<\/h4>\n<p>Com presen\u00e7a regional em 5 pa\u00edses da SADC, o Grupo encontra-se posicionado para facilitar o com\u00e9rcio transfronteiri\u00e7o sem descontinuidades e oferecer aos clientes solu\u00e7\u00f5es em toda a regi\u00e3o.<\/p>\n<h4>Foco no Consumidor<\/h4>\n<p>Concentramo-nos nas necessidades dos nossos clientes, garantindo os mais elevados padr\u00f5es nos servi\u00e7os prestados, mantendo canais de entrega eficientes. Existe uma an\u00e1lise personalizada de cada situa\u00e7\u00e3o e a resposta ao cliente \u00e9 dada de forma r\u00e1pida, eficiente e personalizada. Preocupamo-nos, essencialmente, que as necessidades dos nossos clientes sejam satisfeitas e que estes obtenham uma experi\u00eancia de excel\u00eancia com o Banco.<\/p>\n<h4>Inova\u00e7\u00e3o<\/h4>\n<p>O Grupo alavanca as suas parcerias e tecnologia para introduzir uma s\u00e9rie de produtos e servi\u00e7os projectados para tornar o sistema banc\u00e1rio mais conveniente, acess\u00edvel e inclusivo.<\/p>\n<h4>Pessoas e Forma\u00e7\u00e3o<\/h4>\n<p>A nossa equipa \u00e9 composta por um misto de profissionais t\u00e9cnicos e funcionais com capacidade para cumprir os objetivos estrat\u00e9gicos. O Grupo opera uma estrat\u00e9gia definida de gest\u00e3o de talentos, reten\u00e7\u00e3o e forma\u00e7\u00e3o para garantir as melhores compet\u00eancias.<\/p>\n<h4><strong>experi\u00eancia<\/strong>\u00a0e Compet\u00eancia<\/h4>\n<p>O Grupo disp\u00f5e de vasta experi\u00eancia em todas as \u00e1reas de neg\u00f3cios, o que lhe permite cumprir com a sua estrat\u00e9gia, eficaz e eficientemente.<\/p>\n<h4>Governa\u00e7\u00e3o Forte<\/h4>\n<p>O Banco orienta-se por um rigoroso c\u00f3digo de governa\u00e7\u00e3o corporativa administrado por uma estrutura de governa\u00e7\u00e3o forte e robusta.<\/p>\n<p>&nbsp;<\/p>\n<\/div>\n<\/div>\n<\/div>\n","protected":false},"excerpt":{"rendered":"<p>Sobre o FIRST CAPITAL BANK SA, MOZAMBIQUE O First Capital Bank SA come\u00e7ou a operar&#8230;<\/p>\n","protected":false},"author":13,"featured_media":1653,"parent":850,"menu_order":0,"comment_status":"closed","ping_status":"closed","template":"internet banking.php","meta":{"_acf_changed":false,"footnotes":""},"class_list":["post-341","page","type-page","status-publish","has-post-thumbnail","hentry"],"acf":[],"_links":{"self":[{"href":"https:\/\/www.firstcapitalbank.co.mz\/pt\/wp-json\/wp\/v2\/pages\/341","targetHints":{"allow":["GET"]}}],"collection":[{"href":"https:\/\/www.firstcapitalbank.co.mz\/pt\/wp-json\/wp\/v2\/pages"}],"about":[{"href":"https:\/\/www.firstcapitalbank.co.mz\/pt\/wp-json\/wp\/v2\/types\/page"}],"author":[{"embeddable":true,"href":"https:\/\/www.firstcapitalbank.co.mz\/pt\/wp-json\/wp\/v2\/users\/13"}],"replies":[{"embeddable":true,"href":"https:\/\/www.firstcapitalbank.co.mz\/pt\/wp-json\/wp\/v2\/comments?post=341"}],"version-history":[{"count":14,"href":"https:\/\/www.firstcapitalbank.co.mz\/pt\/wp-json\/wp\/v2\/pages\/341\/revisions"}],"predecessor-version":[{"id":3053,"href":"https:\/\/www.firstcapitalbank.co.mz\/pt\/wp-json\/wp\/v2\/pages\/341\/revisions\/3053"}],"up":[{"embeddable":true,"href":"https:\/\/www.firstcapitalbank.co.mz\/pt\/wp-json\/wp\/v2\/pages\/850"}],"wp:featuredmedia":[{"embeddable":true,"href":"https:\/\/www.firstcapitalbank.co.mz\/pt\/wp-json\/wp\/v2\/media\/1653"}],"wp:attachment":[{"href":"https:\/\/www.firstcapitalbank.co.mz\/pt\/wp-json\/wp\/v2\/media?parent=341"}],"curies":[{"name":"wp","href":"https:\/\/api.w.org\/{rel}","templated":true}]}}