{"id":2905,"date":"2019-07-24T10:13:37","date_gmt":"2019-07-24T08:13:37","guid":{"rendered":"http:\/\/firstcapitalbank.co.mz\/pt\/?page_id=2905"},"modified":"2026-04-01T08:53:18","modified_gmt":"2026-04-01T06:53:18","slug":"prm","status":"publish","type":"page","link":"https:\/\/www.firstcapitalbank.co.mz\/pt\/prm\/","title":{"rendered":"PRM"},"content":{"rendered":"<p><b>PRIME RATE de Mercado (PRM)<\/b><\/p>\n<p>Em conformidade com o acordo sobre o Indexante \u00danico do Sistema Banc\u00e1rio Mo\u00e7ambicano, estabelecido entre o Banco de Mo\u00e7ambique (BM), a Associa\u00e7\u00e3o Mo\u00e7ambicana de Bancos (AMB) e outros assinantes do sistema banc\u00e1rio nacional, incluindo o First Capital Bank, informamos que:<\/p>\n<p>O Banco de Mo\u00e7ambique fixou a <strong>Prime Rate do Sistema Financeiro Mo\u00e7ambicano para o m\u00eas de Abril em 15,50%.<\/strong><\/p>\n","protected":false},"excerpt":{"rendered":"<p>PRIME RATE de Mercado (PRM) Em conformidade com o acordo sobre o Indexante \u00danico do&#8230;<\/p>\n","protected":false},"author":13,"featured_media":1738,"parent":0,"menu_order":0,"comment_status":"closed","ping_status":"closed","template":"internet banking.php","meta":{"_acf_changed":false,"footnotes":""},"class_list":["post-2905","page","type-page","status-publish","has-post-thumbnail","hentry"],"acf":[],"_links":{"self":[{"href":"https:\/\/www.firstcapitalbank.co.mz\/pt\/wp-json\/wp\/v2\/pages\/2905","targetHints":{"allow":["GET"]}}],"collection":[{"href":"https:\/\/www.firstcapitalbank.co.mz\/pt\/wp-json\/wp\/v2\/pages"}],"about":[{"href":"https:\/\/www.firstcapitalbank.co.mz\/pt\/wp-json\/wp\/v2\/types\/page"}],"author":[{"embeddable":true,"href":"https:\/\/www.firstcapitalbank.co.mz\/pt\/wp-json\/wp\/v2\/users\/13"}],"replies":[{"embeddable":true,"href":"https:\/\/www.firstcapitalbank.co.mz\/pt\/wp-json\/wp\/v2\/comments?post=2905"}],"version-history":[{"count":50,"href":"https:\/\/www.firstcapitalbank.co.mz\/pt\/wp-json\/wp\/v2\/pages\/2905\/revisions"}],"predecessor-version":[{"id":5720,"href":"https:\/\/www.firstcapitalbank.co.mz\/pt\/wp-json\/wp\/v2\/pages\/2905\/revisions\/5720"}],"wp:featuredmedia":[{"embeddable":true,"href":"https:\/\/www.firstcapitalbank.co.mz\/pt\/wp-json\/wp\/v2\/media\/1738"}],"wp:attachment":[{"href":"https:\/\/www.firstcapitalbank.co.mz\/pt\/wp-json\/wp\/v2\/media?parent=2905"}],"curies":[{"name":"wp","href":"https:\/\/api.w.org\/{rel}","templated":true}]}}