{"id":2878,"date":"2019-07-17T11:01:06","date_gmt":"2019-07-17T09:01:06","guid":{"rendered":"https:\/\/squad.wpp-scangroup.com\/2019\/mozambique\/?page_id=2878"},"modified":"2024-11-18T11:35:14","modified_gmt":"2024-11-18T09:35:14","slug":"remessas","status":"publish","type":"page","link":"https:\/\/www.firstcapitalbank.co.mz\/pt\/remessas\/","title":{"rendered":"Remessas"},"content":{"rendered":"<h3>Envio de dinheiro em todo o mundo &#8211; f\u00e1cil, r\u00e1pido e seguro!<\/h3>\n<p>O First Capital Bank disponibiliza a remessa de fundos via transfer\u00eancia banc\u00e1ria. As nossas comiss\u00f5es de servi\u00e7o s\u00e3o razo\u00e1veis e a sua empresa tem a garantia de transfer\u00eancia segura dos fundos para o banco benefici\u00e1rio no exterior.<\/p>\n","protected":false},"excerpt":{"rendered":"<p>Envio de dinheiro em todo o mundo &#8211; f\u00e1cil, r\u00e1pido e seguro! O First Capital&#8230;<\/p>\n","protected":false},"author":13,"featured_media":1650,"parent":0,"menu_order":0,"comment_status":"closed","ping_status":"closed","template":"internet banking.php","meta":{"_acf_changed":false,"footnotes":""},"class_list":["post-2878","page","type-page","status-publish","has-post-thumbnail","hentry"],"acf":[],"_links":{"self":[{"href":"https:\/\/www.firstcapitalbank.co.mz\/pt\/wp-json\/wp\/v2\/pages\/2878","targetHints":{"allow":["GET"]}}],"collection":[{"href":"https:\/\/www.firstcapitalbank.co.mz\/pt\/wp-json\/wp\/v2\/pages"}],"about":[{"href":"https:\/\/www.firstcapitalbank.co.mz\/pt\/wp-json\/wp\/v2\/types\/page"}],"author":[{"embeddable":true,"href":"https:\/\/www.firstcapitalbank.co.mz\/pt\/wp-json\/wp\/v2\/users\/13"}],"replies":[{"embeddable":true,"href":"https:\/\/www.firstcapitalbank.co.mz\/pt\/wp-json\/wp\/v2\/comments?post=2878"}],"version-history":[{"count":3,"href":"https:\/\/www.firstcapitalbank.co.mz\/pt\/wp-json\/wp\/v2\/pages\/2878\/revisions"}],"predecessor-version":[{"id":5366,"href":"https:\/\/www.firstcapitalbank.co.mz\/pt\/wp-json\/wp\/v2\/pages\/2878\/revisions\/5366"}],"wp:featuredmedia":[{"embeddable":true,"href":"https:\/\/www.firstcapitalbank.co.mz\/pt\/wp-json\/wp\/v2\/media\/1650"}],"wp:attachment":[{"href":"https:\/\/www.firstcapitalbank.co.mz\/pt\/wp-json\/wp\/v2\/media?parent=2878"}],"curies":[{"name":"wp","href":"https:\/\/api.w.org\/{rel}","templated":true}]}}