{"id":2870,"date":"2019-07-17T10:53:05","date_gmt":"2019-07-17T08:53:05","guid":{"rendered":"https:\/\/squad.wpp-scangroup.com\/2019\/mozambique\/?page_id=2870"},"modified":"2021-11-23T09:32:02","modified_gmt":"2021-11-23T07:32:02","slug":"documents-under-collection","status":"publish","type":"page","link":"https:\/\/www.firstcapitalbank.co.mz\/pt\/documents-under-collection\/","title":{"rendered":"Documentos \u00e0 Cobran\u00e7a"},"content":{"rendered":"<h3>Mantemos os seus documentos de importa\u00e7\u00e3o guardados e ajudamos no desembargo aduaneiro.<\/h3>\n<p>Oferecemos servi\u00e7os de colecta de documentos, nos quais poder\u00e1 solicitar a seus fornecedores internacionais que encaminhem os documentos de envio por meio do First Capital Bank, que posteriormente o ajudar\u00e1 a fazer os pagamentos de importa\u00e7\u00e3o em conformidade com os regulamentos da Autoridade Aduaneira.<\/p>\n","protected":false},"excerpt":{"rendered":"<p>Mantemos os seus documentos de importa\u00e7\u00e3o guardados e ajudamos no desembargo aduaneiro. Oferecemos servi\u00e7os de&#8230;<\/p>\n","protected":false},"author":13,"featured_media":1647,"parent":0,"menu_order":0,"comment_status":"closed","ping_status":"closed","template":"internet banking.php","meta":{"_acf_changed":false,"footnotes":""},"class_list":["post-2870","page","type-page","status-publish","has-post-thumbnail","hentry"],"acf":[],"_links":{"self":[{"href":"https:\/\/www.firstcapitalbank.co.mz\/pt\/wp-json\/wp\/v2\/pages\/2870","targetHints":{"allow":["GET"]}}],"collection":[{"href":"https:\/\/www.firstcapitalbank.co.mz\/pt\/wp-json\/wp\/v2\/pages"}],"about":[{"href":"https:\/\/www.firstcapitalbank.co.mz\/pt\/wp-json\/wp\/v2\/types\/page"}],"author":[{"embeddable":true,"href":"https:\/\/www.firstcapitalbank.co.mz\/pt\/wp-json\/wp\/v2\/users\/13"}],"replies":[{"embeddable":true,"href":"https:\/\/www.firstcapitalbank.co.mz\/pt\/wp-json\/wp\/v2\/comments?post=2870"}],"version-history":[{"count":3,"href":"https:\/\/www.firstcapitalbank.co.mz\/pt\/wp-json\/wp\/v2\/pages\/2870\/revisions"}],"predecessor-version":[{"id":3806,"href":"https:\/\/www.firstcapitalbank.co.mz\/pt\/wp-json\/wp\/v2\/pages\/2870\/revisions\/3806"}],"wp:featuredmedia":[{"embeddable":true,"href":"https:\/\/www.firstcapitalbank.co.mz\/pt\/wp-json\/wp\/v2\/media\/1647"}],"wp:attachment":[{"href":"https:\/\/www.firstcapitalbank.co.mz\/pt\/wp-json\/wp\/v2\/media?parent=2870"}],"curies":[{"name":"wp","href":"https:\/\/api.w.org\/{rel}","templated":true}]}}