{"id":2848,"date":"2019-07-17T10:00:28","date_gmt":"2019-07-17T08:00:28","guid":{"rendered":"https:\/\/squad.wpp-scangroup.com\/2019\/mozambique\/?page_id=2848"},"modified":"2025-12-15T09:27:01","modified_gmt":"2025-12-15T07:27:01","slug":"mtr","status":"publish","type":"page","link":"https:\/\/www.firstcapitalbank.co.mz\/pt\/mtr\/","title":{"rendered":"MTR"},"content":{"rendered":"<p>No First Capital Bank, oferecemos op\u00e7\u00f5es acess\u00edveis e seguras de transfer\u00eancia de dinheiro, incluindo o <strong data-start=\"198\" data-end=\"229\">Metical em Tempo Real (MTR)<\/strong>, onde os fundos s\u00e3o transferidos para outros bancos nacionais em tempo real e n\u00e3o est\u00e3o sujeitos a qualquer per\u00edodo de espera. Dispon\u00edvel para opera\u00e7\u00f5es ordenadas at\u00e9 \u00e0s 14h00. Para ver as nossas comiss\u00f5es e encargos, aceda \u00e0 <a href=\"https:\/\/www.firstcapitalbank.co.mz\/pt\/wp-content\/uploads\/2025\/12\/FIRST-CAPITAL-BANK-PRECARIO-GERAL-2024.pdf\">Tabela de Comiss\u00f5es e Encargos<\/a>.<\/p>\n","protected":false},"excerpt":{"rendered":"<p>No First Capital Bank, oferecemos op\u00e7\u00f5es acess\u00edveis e seguras de transfer\u00eancia de dinheiro, incluindo o&#8230;<\/p>\n","protected":false},"author":13,"featured_media":0,"parent":0,"menu_order":0,"comment_status":"closed","ping_status":"closed","template":"internet banking.php","meta":{"_acf_changed":false,"footnotes":""},"class_list":["post-2848","page","type-page","status-publish","hentry"],"acf":[],"_links":{"self":[{"href":"https:\/\/www.firstcapitalbank.co.mz\/pt\/wp-json\/wp\/v2\/pages\/2848","targetHints":{"allow":["GET"]}}],"collection":[{"href":"https:\/\/www.firstcapitalbank.co.mz\/pt\/wp-json\/wp\/v2\/pages"}],"about":[{"href":"https:\/\/www.firstcapitalbank.co.mz\/pt\/wp-json\/wp\/v2\/types\/page"}],"author":[{"embeddable":true,"href":"https:\/\/www.firstcapitalbank.co.mz\/pt\/wp-json\/wp\/v2\/users\/13"}],"replies":[{"embeddable":true,"href":"https:\/\/www.firstcapitalbank.co.mz\/pt\/wp-json\/wp\/v2\/comments?post=2848"}],"version-history":[{"count":7,"href":"https:\/\/www.firstcapitalbank.co.mz\/pt\/wp-json\/wp\/v2\/pages\/2848\/revisions"}],"predecessor-version":[{"id":5606,"href":"https:\/\/www.firstcapitalbank.co.mz\/pt\/wp-json\/wp\/v2\/pages\/2848\/revisions\/5606"}],"wp:attachment":[{"href":"https:\/\/www.firstcapitalbank.co.mz\/pt\/wp-json\/wp\/v2\/media?parent=2848"}],"curies":[{"name":"wp","href":"https:\/\/api.w.org\/{rel}","templated":true}]}}