{"id":2279,"date":"2018-11-22T04:01:44","date_gmt":"2018-11-22T04:01:44","guid":{"rendered":"http:\/\/firstcapitalbank.co.bw\/?page_id=2279"},"modified":"2024-12-05T11:45:48","modified_gmt":"2024-12-05T09:45:48","slug":"transaction-alerts-2","status":"publish","type":"page","link":"https:\/\/www.firstcapitalbank.co.mz\/pt\/corporate-2\/services\/transaction-alerts-2\/","title":{"rendered":"Alerta de Transac\u00e7\u00e3o"},"content":{"rendered":"<h3>Uma forma simples e sem esfor\u00e7o de monitorizar a actividade dos seus cart\u00f5es de d\u00e9bito.<\/h3>\n<p>Monitorize as suas transac\u00e7\u00f5es de cart\u00f5es de d\u00e9bito com alertas de transac\u00e7\u00e3o personalizados. Seleccione a op\u00e7\u00e3o de alertas numa ATM e n\u00f3s iremos notific\u00e1-lo por mensagem de texto (SMS) para ajud\u00e1-lo a manter-se actualizado com todas as suas transac\u00e7\u00f5es banc\u00e1rias e diminuir o risco de fraude.<\/p>\n","protected":false},"excerpt":{"rendered":"<p>Uma forma simples e sem esfor\u00e7o de monitorizar a actividade dos seus cart\u00f5es de d\u00e9bito&#8230;.<\/p>\n","protected":false},"author":13,"featured_media":1656,"parent":489,"menu_order":0,"comment_status":"closed","ping_status":"closed","template":"internet banking.php","meta":{"_acf_changed":false,"footnotes":""},"class_list":["post-2279","page","type-page","status-publish","has-post-thumbnail","hentry"],"acf":[],"_links":{"self":[{"href":"https:\/\/www.firstcapitalbank.co.mz\/pt\/wp-json\/wp\/v2\/pages\/2279","targetHints":{"allow":["GET"]}}],"collection":[{"href":"https:\/\/www.firstcapitalbank.co.mz\/pt\/wp-json\/wp\/v2\/pages"}],"about":[{"href":"https:\/\/www.firstcapitalbank.co.mz\/pt\/wp-json\/wp\/v2\/types\/page"}],"author":[{"embeddable":true,"href":"https:\/\/www.firstcapitalbank.co.mz\/pt\/wp-json\/wp\/v2\/users\/13"}],"replies":[{"embeddable":true,"href":"https:\/\/www.firstcapitalbank.co.mz\/pt\/wp-json\/wp\/v2\/comments?post=2279"}],"version-history":[{"count":3,"href":"https:\/\/www.firstcapitalbank.co.mz\/pt\/wp-json\/wp\/v2\/pages\/2279\/revisions"}],"predecessor-version":[{"id":5386,"href":"https:\/\/www.firstcapitalbank.co.mz\/pt\/wp-json\/wp\/v2\/pages\/2279\/revisions\/5386"}],"up":[{"embeddable":true,"href":"https:\/\/www.firstcapitalbank.co.mz\/pt\/wp-json\/wp\/v2\/pages\/489"}],"wp:featuredmedia":[{"embeddable":true,"href":"https:\/\/www.firstcapitalbank.co.mz\/pt\/wp-json\/wp\/v2\/media\/1656"}],"wp:attachment":[{"href":"https:\/\/www.firstcapitalbank.co.mz\/pt\/wp-json\/wp\/v2\/media?parent=2279"}],"curies":[{"name":"wp","href":"https:\/\/api.w.org\/{rel}","templated":true}]}}