{"id":2277,"date":"2018-11-22T03:59:55","date_gmt":"2018-11-22T03:59:55","guid":{"rendered":"http:\/\/firstcapitalbank.co.bw\/?page_id=2277"},"modified":"2019-07-24T16:01:26","modified_gmt":"2019-07-24T14:01:26","slug":"extractos-electronicos","status":"publish","type":"page","link":"https:\/\/www.firstcapitalbank.co.mz\/pt\/corporate-2\/services\/extractos-electronicos\/","title":{"rendered":"Extractos Electr\u00f3nicos"},"content":{"rendered":"<p>Extractos electr\u00f3nicoss dispon\u00edveis atrav\u00e9s do sistema de Internet Banking. Pode consultar informa\u00e7\u00f5es mais rapidamente para uma gest\u00e3o de contas mais precisa e oportuno. Elimine a necessidade de armazenamento de papel e o risco associado ao roubo de identidade e fraude.<\/p>\n<h3>Caracter\u00edsticas e Benef\u00edcios<\/h3>\n<p>\u2705 Consulte declara\u00e7\u00f5es atualizadas e em hist\u00f3rico, on-line. Fa\u00e7a o download e salve as declara\u00e7\u00f5es eletr\u00f3nicas para refer\u00eancia futura<br \/>\n\u2705 Reduza a confus\u00e3o de papel e os custos de armazenamento f\u00edsico e de seguran\u00e7a<br \/>\n\u2705 Evite o uso dispendioso de papel, tinta e impressoras associado \u00e0 impress\u00e3o de extractos<\/p>\n","protected":false},"excerpt":{"rendered":"<p>Extractos electr\u00f3nicoss dispon\u00edveis atrav\u00e9s do sistema de Internet Banking. Pode consultar informa\u00e7\u00f5es mais rapidamente para&#8230;<\/p>\n","protected":false},"author":13,"featured_media":1647,"parent":489,"menu_order":0,"comment_status":"closed","ping_status":"closed","template":"internet banking.php","meta":{"_acf_changed":false,"footnotes":""},"class_list":["post-2277","page","type-page","status-publish","has-post-thumbnail","hentry"],"acf":[],"_links":{"self":[{"href":"https:\/\/www.firstcapitalbank.co.mz\/pt\/wp-json\/wp\/v2\/pages\/2277","targetHints":{"allow":["GET"]}}],"collection":[{"href":"https:\/\/www.firstcapitalbank.co.mz\/pt\/wp-json\/wp\/v2\/pages"}],"about":[{"href":"https:\/\/www.firstcapitalbank.co.mz\/pt\/wp-json\/wp\/v2\/types\/page"}],"author":[{"embeddable":true,"href":"https:\/\/www.firstcapitalbank.co.mz\/pt\/wp-json\/wp\/v2\/users\/13"}],"replies":[{"embeddable":true,"href":"https:\/\/www.firstcapitalbank.co.mz\/pt\/wp-json\/wp\/v2\/comments?post=2277"}],"version-history":[{"count":5,"href":"https:\/\/www.firstcapitalbank.co.mz\/pt\/wp-json\/wp\/v2\/pages\/2277\/revisions"}],"predecessor-version":[{"id":2953,"href":"https:\/\/www.firstcapitalbank.co.mz\/pt\/wp-json\/wp\/v2\/pages\/2277\/revisions\/2953"}],"up":[{"embeddable":true,"href":"https:\/\/www.firstcapitalbank.co.mz\/pt\/wp-json\/wp\/v2\/pages\/489"}],"wp:featuredmedia":[{"embeddable":true,"href":"https:\/\/www.firstcapitalbank.co.mz\/pt\/wp-json\/wp\/v2\/media\/1647"}],"wp:attachment":[{"href":"https:\/\/www.firstcapitalbank.co.mz\/pt\/wp-json\/wp\/v2\/media?parent=2277"}],"curies":[{"name":"wp","href":"https:\/\/api.w.org\/{rel}","templated":true}]}}