{"id":1581,"date":"2018-10-06T10:47:40","date_gmt":"2018-10-06T10:47:40","guid":{"rendered":"http:\/\/firstcapitalbank.co.bw\/test-site\/?page_id=1581"},"modified":"2019-07-24T16:20:53","modified_gmt":"2019-07-24T14:20:53","slug":"descoberto-contratado","status":"publish","type":"page","link":"https:\/\/www.firstcapitalbank.co.mz\/pt\/corporate-2\/credito\/descoberto-contratado\/","title":{"rendered":"Descoberto Contratado"},"content":{"rendered":"<h3>Deixe-nos ajud\u00e1-lo com descobertos acess\u00edveis para as necessidades de cash-flow da sua empresa<\/h3>\n<p>Um limite de cr\u00e9dito anual, renov\u00e1vel, carregado na conta \u00e1 ordem para gerir as necessidades de cash-flow da forma mais conveniente.<\/p>\n","protected":false},"excerpt":{"rendered":"<p>Deixe-nos ajud\u00e1-lo com descobertos acess\u00edveis para as necessidades de cash-flow da sua empresa Um limite&#8230;<\/p>\n","protected":false},"author":13,"featured_media":1662,"parent":447,"menu_order":0,"comment_status":"closed","ping_status":"closed","template":"internet banking.php","meta":{"_acf_changed":false,"footnotes":""},"class_list":["post-1581","page","type-page","status-publish","has-post-thumbnail","hentry"],"acf":[],"_links":{"self":[{"href":"https:\/\/www.firstcapitalbank.co.mz\/pt\/wp-json\/wp\/v2\/pages\/1581","targetHints":{"allow":["GET"]}}],"collection":[{"href":"https:\/\/www.firstcapitalbank.co.mz\/pt\/wp-json\/wp\/v2\/pages"}],"about":[{"href":"https:\/\/www.firstcapitalbank.co.mz\/pt\/wp-json\/wp\/v2\/types\/page"}],"author":[{"embeddable":true,"href":"https:\/\/www.firstcapitalbank.co.mz\/pt\/wp-json\/wp\/v2\/users\/13"}],"replies":[{"embeddable":true,"href":"https:\/\/www.firstcapitalbank.co.mz\/pt\/wp-json\/wp\/v2\/comments?post=1581"}],"version-history":[{"count":2,"href":"https:\/\/www.firstcapitalbank.co.mz\/pt\/wp-json\/wp\/v2\/pages\/1581\/revisions"}],"predecessor-version":[{"id":2959,"href":"https:\/\/www.firstcapitalbank.co.mz\/pt\/wp-json\/wp\/v2\/pages\/1581\/revisions\/2959"}],"up":[{"embeddable":true,"href":"https:\/\/www.firstcapitalbank.co.mz\/pt\/wp-json\/wp\/v2\/pages\/447"}],"wp:featuredmedia":[{"embeddable":true,"href":"https:\/\/www.firstcapitalbank.co.mz\/pt\/wp-json\/wp\/v2\/media\/1662"}],"wp:attachment":[{"href":"https:\/\/www.firstcapitalbank.co.mz\/pt\/wp-json\/wp\/v2\/media?parent=1581"}],"curies":[{"name":"wp","href":"https:\/\/api.w.org\/{rel}","templated":true}]}}