{"id":1580,"date":"2018-10-06T10:46:47","date_gmt":"2018-10-06T10:46:47","guid":{"rendered":"http:\/\/firstcapitalbank.co.bw\/test-site\/?page_id=1580"},"modified":"2021-11-23T09:35:10","modified_gmt":"2021-11-23T07:35:10","slug":"emprestimos-a-prazoterm-loans","status":"publish","type":"page","link":"https:\/\/www.firstcapitalbank.co.mz\/pt\/corporate-2\/credito\/emprestimos-a-prazoterm-loans\/","title":{"rendered":"Empr\u00e9stimos a Prazo"},"content":{"rendered":"<h3>Expanda os seus neg\u00f3cios e deixe-nos ajudar a colocar os seus planos em movimento.<\/h3>\n<p>Disponibilizamos empr\u00e9stimos a prazo reembols\u00e1veis em presta\u00e7\u00f5es fixas para financiamento de projetos espec\u00edficos ou financiamento de activos.<\/p>\n<h4>O First Capital Bank\u00a0 oferece diferentes tipos de cr\u00e9dito:<\/h4>\n<h5><\/h5>\n<h5><b>Cr\u00e9dito autom\u00f3vel <\/b><\/h5>\n<ul>\n<li>Dura\u00e7\u00e3o do financiamento \u00e9 de tempo m\u00e1ximo de 48 meses (5 anos);<\/li>\n<li>O financiamento \u00e9 de 85% do Valor do autom\u00f3vel.<\/li>\n<\/ul>\n<h5><b>Cr\u00e9dito ao consumo <\/b><\/h5>\n<ul>\n<li>Dura\u00e7\u00e3o do financiamento \u00e9 de tempo m\u00e1ximo de 48 meses (5 anos);<\/li>\n<li>O financiamento \u00e9 do valor m\u00e1ximo de 2,000,000 MT.<\/li>\n<\/ul>\n<h5><b>Cr\u00e9dito de habita\u00e7\u00e3o <\/b><\/h5>\n<ul>\n<li>Dura\u00e7\u00e3o do financiamento \u00e9 de tempo m\u00e1ximo de 240 meses (20 anos);<\/li>\n<li>O financiamento \u00e9 do valor completo do im\u00f3vel.<\/li>\n<\/ul>\n<h5><b>Cr\u00e9dito com garantia de dep\u00f3sito<\/b><\/h5>\n<ul>\n<li>Dura\u00e7\u00e3o do financiamento \u00e9 de tempo m\u00e1ximo de 48 meses (5 anos);<\/li>\n<li>O financiamento \u00e9 de 90% do dep\u00f3sito a prazo.<\/li>\n<\/ul>\n<h4>Para aceder \u00e0 qualquer tipo de financiamento no First Capital Bank o mutu\u00e1rio dever\u00e1:<\/h4>\n<ul>\n<li>Apresentar livran\u00e7a em branco;<\/li>\n<li>N\u00e3o deve ter incidentes registados na Central de Registos de Cr\u00e9dito do Banco de Mo\u00e7ambique e outros incidentes junto do sistema banc\u00e1rio;<\/li>\n<li>Ter pelo menos 6 meses de hist\u00f3rico de transac\u00e7\u00f5es;<\/li>\n<li>Apresentar um contrato de trabalho com um per\u00edodo acima do prazo do financiamento.<\/li>\n<\/ul>\n","protected":false},"excerpt":{"rendered":"<p>Expanda os seus neg\u00f3cios e deixe-nos ajudar a colocar os seus planos em movimento. Disponibilizamos&#8230;<\/p>\n","protected":false},"author":13,"featured_media":1737,"parent":447,"menu_order":0,"comment_status":"closed","ping_status":"closed","template":"internet banking.php","meta":{"_acf_changed":false,"footnotes":""},"class_list":["post-1580","page","type-page","status-publish","has-post-thumbnail","hentry"],"acf":[],"_links":{"self":[{"href":"https:\/\/www.firstcapitalbank.co.mz\/pt\/wp-json\/wp\/v2\/pages\/1580","targetHints":{"allow":["GET"]}}],"collection":[{"href":"https:\/\/www.firstcapitalbank.co.mz\/pt\/wp-json\/wp\/v2\/pages"}],"about":[{"href":"https:\/\/www.firstcapitalbank.co.mz\/pt\/wp-json\/wp\/v2\/types\/page"}],"author":[{"embeddable":true,"href":"https:\/\/www.firstcapitalbank.co.mz\/pt\/wp-json\/wp\/v2\/users\/13"}],"replies":[{"embeddable":true,"href":"https:\/\/www.firstcapitalbank.co.mz\/pt\/wp-json\/wp\/v2\/comments?post=1580"}],"version-history":[{"count":6,"href":"https:\/\/www.firstcapitalbank.co.mz\/pt\/wp-json\/wp\/v2\/pages\/1580\/revisions"}],"predecessor-version":[{"id":3810,"href":"https:\/\/www.firstcapitalbank.co.mz\/pt\/wp-json\/wp\/v2\/pages\/1580\/revisions\/3810"}],"up":[{"embeddable":true,"href":"https:\/\/www.firstcapitalbank.co.mz\/pt\/wp-json\/wp\/v2\/pages\/447"}],"wp:featuredmedia":[{"embeddable":true,"href":"https:\/\/www.firstcapitalbank.co.mz\/pt\/wp-json\/wp\/v2\/media\/1737"}],"wp:attachment":[{"href":"https:\/\/www.firstcapitalbank.co.mz\/pt\/wp-json\/wp\/v2\/media?parent=1580"}],"curies":[{"name":"wp","href":"https:\/\/api.w.org\/{rel}","templated":true}]}}