{"id":1571,"date":"2018-10-06T10:32:44","date_gmt":"2018-10-06T10:32:44","guid":{"rendered":"http:\/\/firstcapitalbank.co.bw\/test-site\/?page_id=1571"},"modified":"2022-04-26T13:55:07","modified_gmt":"2022-04-26T11:55:07","slug":"administracao","status":"publish","type":"page","link":"https:\/\/www.firstcapitalbank.co.mz\/pt\/about\/governance\/administracao\/","title":{"rendered":"Administra\u00e7\u00e3o"},"content":{"rendered":"<h3>Assembleia Geral<\/h3>\n<p>\u00d3rg\u00e3o supremo da sociedade. Re\u00fane-se com uma periodicidade m\u00e9dia anual e det\u00e9m em si, essencialmente as seguintes compet\u00eancias:<\/p>\n<p>&#8211; Deliberar sobre o balan\u00e7o, o relat\u00f3rio do conselho de administra\u00e7\u00e3o e do conselho fiscal referentes ao exerc\u00edcio;<br \/>\n&#8211; Aprovar as contas do exerc\u00edcio;<br \/>\n&#8211; Deliberar sobre a aplica\u00e7\u00e3o de resultados.<\/p>\n<p>Membros:<br \/>\nHitesh Anadkat \u2013 Presidente da Mesa da Assembleia Geral<\/p>\n<h3>CONSELHO FISCAL<\/h3>\n<p>O Conselho Fiscal \u00e9 o \u00f3rg\u00e3o ao qual compete a fiscaliza\u00e7\u00e3o da actividade do Conselho de Administra\u00e7\u00e3o no \u00e2mbito da gest\u00e3o dos neg\u00f3cios da sociedade e tem os seguintes objectivos:<\/p>\n<p>Fiscalizar os actos dos administradores e verificar o cumprimento dos seus deveres legais e estatut\u00e1rios;<br \/>\nExaminar e opinar sobre o relat\u00f3rio anual da administra\u00e7\u00e3o e as demonstra\u00e7\u00f5es financeiras do exerc\u00edcio social;<br \/>\nAnalisar, pelo menos trimestralmente, o balancete e demais demonstra\u00e7\u00f5es contabil\u00edsticas elaboradas pela sociedade.<\/p>\n<p>\u00d3rg\u00e3os<br \/>\nAndreia Monteiro Dur\u00e3o \u2013 Presidente do Conselho Fiscal;<br \/>\nCarlos Costa \u2013 Vogal;<br \/>\nDipak Lalgi \u2013 Vogal<\/p>\n<h3>Comit\u00e9s<\/h3>\n<p><strong>Comit\u00e9 de Risco<\/strong><br \/>\nO Comit\u00e9 de Risco \u00e9 um subcomit\u00e9 do Conselho de Administra\u00e7\u00e3o com tr\u00eas membros, que se re\u00fane trimestralmente, tendo como principais objectivos:<\/p>\n<ul>\n<li>Supervisionar a estrutura de governa\u00e7\u00e3o do risco do Banco;<\/li>\n<li>Supervisionar a toler\u00e2ncia ao risco do Banco, identificando potenciais riscos e volatilidade do Banco perante a sua exposi\u00e7\u00e3o;<\/li>\n<li>Assistir o Conselho de Administra\u00e7\u00e3o em mat\u00e9rias de estrat\u00e9gia e pol\u00edticas de gest\u00e3o de risco, gest\u00e3o de risco de capital, liquidez, cr\u00e9dito e mercado \u2013 planeamento de ac\u00e7\u00f5es de melhoria e mitiga\u00e7\u00e3o dos riscos identificados, desenvolvimento de sistemas de controlo interno, desenvolvimento de pol\u00edticas e procedimentos para monitoriza\u00e7\u00e3o dos riscos e, supervis\u00e3o prudencial;<\/li>\n<li>Fiscalizar o cumprimento das leis e regulamentos.<\/li>\n<\/ul>\n<p>\u00d3rg\u00e3os<br \/>\nPaula Rocha- Presidente<br \/>\nCarlos Henriques \u2013 Vogal<br \/>\nMamudo Ibraimo &#8211; Vogal<\/p>\n<p><strong>Comit\u00e9 de Cr\u00e9dito<br \/>\n<\/strong>O Comit\u00e9 de Cr\u00e9dito \u00e9 um subcomit\u00e9 do Conselho de Administra\u00e7\u00e3o (CA), que reporta directamente a este. \u00c9 composto por tr\u00eas (3) membros, que se re\u00fanem de forma trimestral, com a responsabilidade de apoiar o CA no cumprimento das suas atribui\u00e7\u00f5es de modo a garantir que as transa\u00e7\u00f5es de cr\u00e9dito s\u00e3o executadas de acordo com as pol\u00edticas internas e normas regulamentares vigentes em Mo\u00e7ambique.<br \/>\nEste comit\u00e9 tem a responsabilidade global de avaliar a qualidade da carteira de cr\u00e9dito (incluindo cr\u00e9ditos financeiros, cr\u00e9ditos por assinatura, colaterais, etc.).<\/p>\n<ul>\n<li>As suas responsabilidades espec\u00edficas incluem:<\/li>\n<li>Ratifica\u00e7\u00e3o dos termos e condi\u00e7\u00f5es de todas as facilidades de cr\u00e9dito aprovadas pela gest\u00e3o executiva;<\/li>\n<li>Aprova\u00e7\u00e3o de todas as facilidades de cr\u00e9dito acima dos limites de decis\u00e3o da gest\u00e3o executiva;<\/li>\n<li>Acompanhamento dos cr\u00e9ditos irregulares e ac\u00e7\u00f5es de recupera\u00e7\u00e3o dos cr\u00e9ditos com incumprimento;<\/li>\n<li>Decis\u00e3o de n\u00edveis apropriados de provisionamento da carteira quando necess\u00e1rio.<\/li>\n<\/ul>\n<p>\u00d3rg\u00e3os<br \/>\nCarlos Henriques \u2013 Presidente<br \/>\nAnt\u00f3nio Sousa \u2013 Vogal<br \/>\nVijay Kantaria \u2013 Vogal<\/p>\n<p><strong>Comit\u00e9<\/strong> <strong>de Auditoria<\/strong><br \/>\nO Comit\u00e9 de Auditoria \u00e9 um subcomit\u00e9 do Conselho de Administra\u00e7\u00e3o, com tr\u00eas membros, que se re\u00fanem trimestralmente, com a responsabilidade que se centra em apoiar o CA no cumprimento das seguintes tarefas:<\/p>\n<ul>\n<li>Garantir a integridade das demonstra\u00e7\u00f5es financeiras;<\/li>\n<li>Conformidade do banco com requisitos regulamentares;<\/li>\n<li>Sistema de controlo interno do Banco de forma a gerir os riscos inerentes \u00e0s opera\u00e7\u00f5es do banco;<\/li>\n<li>Desempenho da Auditoria externa e interna.<\/li>\n<\/ul>\n<p>Members<br \/>\nPrabhu Bantwal \u2013 Presidente<br \/>\nVijay Kantaria \u2013 Vogal<br \/>\nMamudo Ibraimo &#8211; Vogal<\/p>\n<p><strong>Comit\u00e9 de Remunera\u00e7\u00f5es<\/strong><br \/>\nTrata-se de um subcomit\u00e9 do Conselho de Administra\u00e7\u00e3o que se re\u00fane de quatro em quatro meses, sendo respons\u00e1vel pela nomea\u00e7\u00e3o de pessoas para cargos de direc\u00e7\u00e3o e pela aprova\u00e7\u00e3o das condi\u00e7\u00f5es de remunera\u00e7\u00e3o. O Comit\u00e9 aprova igualmente todas as pol\u00edticas e estrat\u00e9gias de gest\u00e3o de recursos humanos.<\/p>\n<p>\u00d3rg\u00e3os<br \/>\nHitesh Anadkat- Presidente<br \/>\nJos\u00e9 Caldeira \u2013 Vogal<br \/>\nAnt\u00f3nio de Sousa &#8211; Vogal<\/p>\n<h3>Comit\u00e9s de Gest\u00e3o<\/h3>\n<p><strong>Comit\u00e9 de Activos e Passivos (ALCO)<\/strong><br \/>\nO comit\u00e9 re\u00fane-se com periodicidade mensal, e reporta directamente ao Administrador Delegado.<br \/>\nO principal objectivo do ALCO \u00e9 avaliar o equil\u00edbrio de balan\u00e7o em termos de perfil de maturidade, custo de funding e exposi\u00e7\u00e3o ao risco de liquidez.<br \/>\nO ALCO procura gerir os riscos de forma a minimizar a volatilidade da margem financeira e protec\u00e7\u00e3o do valor econ\u00f3mico do banco a longo prazo. O comit\u00e9 tamb\u00e9m monitora a adequa\u00e7\u00e3o de capital do banco.<br \/>\nAs principais responsabilidades do ALCO incluem:<\/p>\n<ul>\n<li>Definir linhas de orienta\u00e7\u00e3o para definir o pre\u00e7\u00e1rio de activos e passivos;<\/li>\n<li>Estabelecer limites de liquidez, risco de taxa de c\u00e2mbio e taxa de juro;<\/li>\n<li>Desenvolver um plano de conting\u00eancia para responder a cen\u00e1rios de crise de liquidez (funding).<\/li>\n<\/ul>\n<p><strong>Comit\u00e9 de Gest\u00e3o (MANCO)<\/strong><br \/>\nO comit\u00e9 re\u00fane-se com periodicidade mensal, e reporta directamente ao Administrador Delegado.<br \/>\nO comit\u00e9 de gest\u00e3o tem a fun\u00e7\u00e3o de acompanhar a evolu\u00e7\u00e3o de toda a actividade do banco, principais constrangimentos, desafios e oportunidades, actuando como um f\u00f3rum importante na gest\u00e3o dos assuntos da actividade da institui\u00e7\u00e3o.<\/p>\n<p><strong>Comit\u00e9 Local de Risco<\/strong><br \/>\nO comit\u00e9 re\u00fane-se com periodicidade mensal, e reporta directamente ao Administrador Delegado. O comit\u00e9 de risco tem como principais fun\u00e7\u00f5es:<\/p>\n<ul>\n<li>Identificar, avaliar, mensurar e reportar os riscos da institui\u00e7\u00e3o (risco de cr\u00e9dito, risco operacional, compliance, reputa\u00e7\u00e3o e outros riscos);<\/li>\n<li>Rever a gest\u00e3o estrat\u00e9gica de risco do Banco.<\/li>\n<\/ul>\n<p><strong>Comit\u00e9 Local de Cr\u00e9dito<\/strong><br \/>\nEste comit\u00e9 re\u00fane-se com periodicidade semanal, e reporta ao Administrador Delegado.<br \/>\nO Comit\u00e9 de Cr\u00e9dito tem a fun\u00e7\u00e3o de acompanhar a evolu\u00e7\u00e3o de toda a carteira do banco, principais constrangimentos, desafios e oportunidades e an\u00e1lise das propostas de cr\u00e9dito submetidas para aprova\u00e7\u00e3o.<\/p>\n<p><strong>Comit\u00e9 de Pricing<\/strong><br \/>\nEste comit\u00e9 re\u00fane-se com periodicidade trimestral, e reporta ao Administrador Delegado.<br \/>\nO Comit\u00e9 de Pricing tem a fun\u00e7\u00e3o de acompanhar as novas tend\u00eancias no Mercado, bem como garantir que o pre\u00e7\u00e1rio do Banco \u00e9 aplicado em conson\u00e2ncia com a estrat\u00e9gia do Banco.<br \/>\nInclui ainda uma componente para aprova\u00e7\u00e3o de novos produtos bem como de garantir que toda a regulamenta\u00e7\u00e3o sobre pre\u00e7\u00e1rio \u00e9 devidamente cumprida.<\/p>\n<p>&nbsp;<\/p>\n<p>&nbsp;<\/p>\n<p>&nbsp;<\/p>\n<p>&nbsp;<\/p>\n","protected":false},"excerpt":{"rendered":"<p>Assembleia Geral \u00d3rg\u00e3o supremo da sociedade. Re\u00fane-se com uma periodicidade m\u00e9dia anual e det\u00e9m em&#8230;<\/p>\n","protected":false},"author":13,"featured_media":1653,"parent":170,"menu_order":0,"comment_status":"closed","ping_status":"closed","template":"","meta":{"_acf_changed":false,"footnotes":""},"class_list":["post-1571","page","type-page","status-publish","has-post-thumbnail","hentry"],"acf":[],"_links":{"self":[{"href":"https:\/\/www.firstcapitalbank.co.mz\/pt\/wp-json\/wp\/v2\/pages\/1571","targetHints":{"allow":["GET"]}}],"collection":[{"href":"https:\/\/www.firstcapitalbank.co.mz\/pt\/wp-json\/wp\/v2\/pages"}],"about":[{"href":"https:\/\/www.firstcapitalbank.co.mz\/pt\/wp-json\/wp\/v2\/types\/page"}],"author":[{"embeddable":true,"href":"https:\/\/www.firstcapitalbank.co.mz\/pt\/wp-json\/wp\/v2\/users\/13"}],"replies":[{"embeddable":true,"href":"https:\/\/www.firstcapitalbank.co.mz\/pt\/wp-json\/wp\/v2\/comments?post=1571"}],"version-history":[{"count":35,"href":"https:\/\/www.firstcapitalbank.co.mz\/pt\/wp-json\/wp\/v2\/pages\/1571\/revisions"}],"predecessor-version":[{"id":3918,"href":"https:\/\/www.firstcapitalbank.co.mz\/pt\/wp-json\/wp\/v2\/pages\/1571\/revisions\/3918"}],"up":[{"embeddable":true,"href":"https:\/\/www.firstcapitalbank.co.mz\/pt\/wp-json\/wp\/v2\/pages\/170"}],"wp:featuredmedia":[{"embeddable":true,"href":"https:\/\/www.firstcapitalbank.co.mz\/pt\/wp-json\/wp\/v2\/media\/1653"}],"wp:attachment":[{"href":"https:\/\/www.firstcapitalbank.co.mz\/pt\/wp-json\/wp\/v2\/media?parent=1571"}],"curies":[{"name":"wp","href":"https:\/\/api.w.org\/{rel}","templated":true}]}}