{"id":1568,"date":"2018-10-06T10:08:12","date_gmt":"2018-10-06T10:08:12","guid":{"rendered":"http:\/\/firstcapitalbank.co.bw\/test-site\/?page_id=1568"},"modified":"2021-02-19T12:11:41","modified_gmt":"2021-02-19T10:11:41","slug":"governacao-corporativa","status":"publish","type":"page","link":"https:\/\/www.firstcapitalbank.co.mz\/pt\/about\/governance\/governacao-corporativa\/","title":{"rendered":"Governa\u00e7\u00e3o Corporativa"},"content":{"rendered":"<h3>Regulamenta\u00e7\u00e3o Prudencial<\/h3>\n<p>O First Capital Bank est\u00e1 licenciado sob a Legisla\u00e7\u00e3o Banc\u00e1ria, Directrizes de Regulamenta\u00e7\u00e3o Prudencial do Banco de Mo\u00e7ambique, para exercer a sua actividade comercial.<\/p>\n<h3>Governa\u00e7\u00e3o Corporativa<\/h3>\n<p>Comunica\u00e7\u00e3o adequada e eficiente e monitoriza\u00e7\u00e3o de sistemas est\u00e3o em condi\u00e7\u00f5es de assegurar que os Administradores recebem toda a informa\u00e7\u00e3o relevante e com precis\u00e3o para os orientar nas decis\u00f5es estrat\u00e9gicas, providenciar lideran\u00e7a eficiente, controlo e direc\u00e7\u00e3o estrat\u00e9gica das opera\u00e7\u00f5es do banco, e assegurar que o banco est\u00e1 inteiramente em compliance com regulamenta\u00e7\u00e3o legal, \u00e9tica e regulat\u00f3ria relevante. O Banco tem um Conselho de Administra\u00e7\u00e3o unit\u00e1rio constitu\u00edda por um Administrador Executivo e oito Administradores N\u00e3o Executivos, dos quais fazem parte o Presidente do Conselho de Administra\u00e7\u00e3o e quatro Administradores N\u00e3o Executivos Independentes. O Conselho de Administra\u00e7\u00e3o re\u00fane-se quatro vezes por ano.<\/p>\n<p>Existem quatro comit\u00e9s do Conselho de Administra\u00e7\u00e3o, nomeadamente o Comit\u00e9 de Auditoria, o Comit\u00e9 de Risco, o Comit\u00e9 de Cr\u00e9dito e o Comit\u00e9 de Remunera\u00e7\u00f5es. Adicionalmente existem cinco Comit\u00e9s de Gest\u00e3o, nomeadamente Comit\u00e9 de Activos e Passivos (ALCO), Comit\u00e9 de Gest\u00e3o (MANCO), Comit\u00e9 Local de Risco, Comit\u00e9 Local de Cr\u00e9dito e Comit\u00e9 de Pricing.<\/p>\n<p>&nbsp;<\/p>\n","protected":false},"excerpt":{"rendered":"<p>Regulamenta\u00e7\u00e3o Prudencial O First Capital Bank est\u00e1 licenciado sob a Legisla\u00e7\u00e3o Banc\u00e1ria, Directrizes de Regulamenta\u00e7\u00e3o&#8230;<\/p>\n","protected":false},"author":13,"featured_media":1662,"parent":170,"menu_order":0,"comment_status":"closed","ping_status":"closed","template":"","meta":{"_acf_changed":false,"footnotes":""},"class_list":["post-1568","page","type-page","status-publish","has-post-thumbnail","hentry"],"acf":[],"_links":{"self":[{"href":"https:\/\/www.firstcapitalbank.co.mz\/pt\/wp-json\/wp\/v2\/pages\/1568","targetHints":{"allow":["GET"]}}],"collection":[{"href":"https:\/\/www.firstcapitalbank.co.mz\/pt\/wp-json\/wp\/v2\/pages"}],"about":[{"href":"https:\/\/www.firstcapitalbank.co.mz\/pt\/wp-json\/wp\/v2\/types\/page"}],"author":[{"embeddable":true,"href":"https:\/\/www.firstcapitalbank.co.mz\/pt\/wp-json\/wp\/v2\/users\/13"}],"replies":[{"embeddable":true,"href":"https:\/\/www.firstcapitalbank.co.mz\/pt\/wp-json\/wp\/v2\/comments?post=1568"}],"version-history":[{"count":16,"href":"https:\/\/www.firstcapitalbank.co.mz\/pt\/wp-json\/wp\/v2\/pages\/1568\/revisions"}],"predecessor-version":[{"id":3624,"href":"https:\/\/www.firstcapitalbank.co.mz\/pt\/wp-json\/wp\/v2\/pages\/1568\/revisions\/3624"}],"up":[{"embeddable":true,"href":"https:\/\/www.firstcapitalbank.co.mz\/pt\/wp-json\/wp\/v2\/pages\/170"}],"wp:featuredmedia":[{"embeddable":true,"href":"https:\/\/www.firstcapitalbank.co.mz\/pt\/wp-json\/wp\/v2\/media\/1662"}],"wp:attachment":[{"href":"https:\/\/www.firstcapitalbank.co.mz\/pt\/wp-json\/wp\/v2\/media?parent=1568"}],"curies":[{"name":"wp","href":"https:\/\/api.w.org\/{rel}","templated":true}]}}