{"id":1472,"date":"2018-10-03T14:39:53","date_gmt":"2018-10-03T14:39:53","guid":{"rendered":"http:\/\/firstcapitalbank.co.bw\/test-site\/?page_id=1472"},"modified":"2019-07-24T15:58:08","modified_gmt":"2019-07-24T13:58:08","slug":"emprestimos-a-prazo","status":"publish","type":"page","link":"https:\/\/www.firstcapitalbank.co.mz\/pt\/personal\/credito\/emprestimos-a-prazo\/","title":{"rendered":"Empr\u00e9stimos a Prazo"},"content":{"rendered":"<h3>Empr\u00e9stimos a Prazo<\/h3>\n<p>Dependendo das circunst\u00e2ncias, disponibilizamos o empr\u00e9stimo de que necessita.<\/p>\n<p>Para as suas necessidades espec\u00edficas disponibilizamos empr\u00e9stimos reembols\u00e1veis em presta\u00e7\u00f5es fixas. Para ver as nossas comiss\u00f5es e encargos, aceda a <a href=\"http:\/\/firstcapitalbank.co.mz\/pt\/wp-content\/uploads\/2019\/07\/20190212_Pre%C3%A7%C3%A1rio_Completo_CAPITALBANK.pdf\">Tabela de Comiss\u00f5es e Encargos<\/a>.<\/p>\n","protected":false},"excerpt":{"rendered":"<p>Empr\u00e9stimos a Prazo Dependendo das circunst\u00e2ncias, disponibilizamos o empr\u00e9stimo de que necessita. Para as suas&#8230;<\/p>\n","protected":false},"author":13,"featured_media":1655,"parent":396,"menu_order":0,"comment_status":"closed","ping_status":"closed","template":"internet banking.php","meta":{"_acf_changed":false,"footnotes":""},"class_list":["post-1472","page","type-page","status-publish","has-post-thumbnail","hentry"],"acf":[],"_links":{"self":[{"href":"https:\/\/www.firstcapitalbank.co.mz\/pt\/wp-json\/wp\/v2\/pages\/1472","targetHints":{"allow":["GET"]}}],"collection":[{"href":"https:\/\/www.firstcapitalbank.co.mz\/pt\/wp-json\/wp\/v2\/pages"}],"about":[{"href":"https:\/\/www.firstcapitalbank.co.mz\/pt\/wp-json\/wp\/v2\/types\/page"}],"author":[{"embeddable":true,"href":"https:\/\/www.firstcapitalbank.co.mz\/pt\/wp-json\/wp\/v2\/users\/13"}],"replies":[{"embeddable":true,"href":"https:\/\/www.firstcapitalbank.co.mz\/pt\/wp-json\/wp\/v2\/comments?post=1472"}],"version-history":[{"count":5,"href":"https:\/\/www.firstcapitalbank.co.mz\/pt\/wp-json\/wp\/v2\/pages\/1472\/revisions"}],"predecessor-version":[{"id":2950,"href":"https:\/\/www.firstcapitalbank.co.mz\/pt\/wp-json\/wp\/v2\/pages\/1472\/revisions\/2950"}],"up":[{"embeddable":true,"href":"https:\/\/www.firstcapitalbank.co.mz\/pt\/wp-json\/wp\/v2\/pages\/396"}],"wp:featuredmedia":[{"embeddable":true,"href":"https:\/\/www.firstcapitalbank.co.mz\/pt\/wp-json\/wp\/v2\/media\/1655"}],"wp:attachment":[{"href":"https:\/\/www.firstcapitalbank.co.mz\/pt\/wp-json\/wp\/v2\/media?parent=1472"}],"curies":[{"name":"wp","href":"https:\/\/api.w.org\/{rel}","templated":true}]}}