{"id":1308,"date":"2018-09-29T10:56:55","date_gmt":"2018-09-29T10:56:55","guid":{"rendered":"http:\/\/firstcapitalbank.co.bw\/test-site\/?page_id=1308"},"modified":"2021-04-29T16:35:44","modified_gmt":"2021-04-29T14:35:44","slug":"transferencias-internacionais","status":"publish","type":"page","link":"https:\/\/www.firstcapitalbank.co.mz\/pt\/personal\/bank-different\/transferencias-internacionais\/","title":{"rendered":"Transfer\u00eancias Internacionais"},"content":{"rendered":"<p>A transfer\u00eancia eletr\u00f3nica internacional de fundos \u00e9 um sistema de pagamento automatizado usado para transferir dinheiro entre bancos em todo o mundo. Esta \u00e9 uma solu\u00e7\u00e3o banc\u00e1ria conveniente para transfer\u00eancias gen\u00e9ricas internacionais \u2013 sejam pagamentos pontuais ou recorrentes, como propinas de escola e universidade, para o seu filho, as suas f\u00e9rias ou viagens de neg\u00f3cios ao exterior, n\u00e3o procure mais Envio de dinheiro para todo o mundo \u2013 F\u00e1cil, r\u00e1pido e seguro!<br \/>\nPara ver as nossas comiss\u00f5es e encargos, aceda a <a href=\"https:\/\/firstcapitalbank.co.mz\/pt\/wp-content\/uploads\/2020\/08\/Pre%C3%A7%C3%A1rio-Completo-2020_Julho-2020_.pdf\">Tabela de Comiss\u00f5es e Encargos<\/a>.<\/p>\n","protected":false},"excerpt":{"rendered":"<p>A transfer\u00eancia eletr\u00f3nica internacional de fundos \u00e9 um sistema de pagamento automatizado usado para transferir&#8230;<\/p>\n","protected":false},"author":13,"featured_media":1660,"parent":827,"menu_order":0,"comment_status":"closed","ping_status":"closed","template":"internet banking.php","meta":{"_acf_changed":false,"footnotes":""},"class_list":["post-1308","page","type-page","status-publish","has-post-thumbnail","hentry"],"acf":[],"_links":{"self":[{"href":"https:\/\/www.firstcapitalbank.co.mz\/pt\/wp-json\/wp\/v2\/pages\/1308","targetHints":{"allow":["GET"]}}],"collection":[{"href":"https:\/\/www.firstcapitalbank.co.mz\/pt\/wp-json\/wp\/v2\/pages"}],"about":[{"href":"https:\/\/www.firstcapitalbank.co.mz\/pt\/wp-json\/wp\/v2\/types\/page"}],"author":[{"embeddable":true,"href":"https:\/\/www.firstcapitalbank.co.mz\/pt\/wp-json\/wp\/v2\/users\/13"}],"replies":[{"embeddable":true,"href":"https:\/\/www.firstcapitalbank.co.mz\/pt\/wp-json\/wp\/v2\/comments?post=1308"}],"version-history":[{"count":5,"href":"https:\/\/www.firstcapitalbank.co.mz\/pt\/wp-json\/wp\/v2\/pages\/1308\/revisions"}],"predecessor-version":[{"id":3663,"href":"https:\/\/www.firstcapitalbank.co.mz\/pt\/wp-json\/wp\/v2\/pages\/1308\/revisions\/3663"}],"up":[{"embeddable":true,"href":"https:\/\/www.firstcapitalbank.co.mz\/pt\/wp-json\/wp\/v2\/pages\/827"}],"wp:featuredmedia":[{"embeddable":true,"href":"https:\/\/www.firstcapitalbank.co.mz\/pt\/wp-json\/wp\/v2\/media\/1660"}],"wp:attachment":[{"href":"https:\/\/www.firstcapitalbank.co.mz\/pt\/wp-json\/wp\/v2\/media?parent=1308"}],"curies":[{"name":"wp","href":"https:\/\/api.w.org\/{rel}","templated":true}]}}