{"id":1296,"date":"2018-09-29T10:33:47","date_gmt":"2018-09-29T10:33:47","guid":{"rendered":"http:\/\/firstcapitalbank.co.bw\/test-site\/?page_id=1296"},"modified":"2025-01-16T09:42:05","modified_gmt":"2025-01-16T07:42:05","slug":"investimento","status":"publish","type":"page","link":"https:\/\/www.firstcapitalbank.co.mz\/pt\/personal\/contas\/investimento\/","title":{"rendered":"Investimento"},"content":{"rendered":"<h3>Conta Dep\u00f3sito a Prazo<\/h3>\n<p>Investimento inteligente para particulares que colocam o seu dinheiro trabalhar para eles.<\/p>\n<p>A conta de investimento desejada com uma taxa de juros garantida e uma gama de op\u00e7\u00f5es de prazo de vencimento. Voc\u00ea tamb\u00e9m pode obter acesso a empr\u00e9stimos pessoais contra os dep\u00f3sitos fixos mantidos como garantia. Para ver as nossas comiss\u00f5es e encargos, aceda a <a href=\"https:\/\/www.firstcapitalbank.co.mz\/pt\/wp-content\/uploads\/2024\/10\/PRECARIO-SIMPLIFICADO-2024-FINAL.pdf\">Tabela de Comiss\u00f5es e Encargos<\/a>.<\/p>\n","protected":false},"excerpt":{"rendered":"<p>Conta Dep\u00f3sito a Prazo Investimento inteligente para particulares que colocam o seu dinheiro trabalhar para&#8230;<\/p>\n","protected":false},"author":13,"featured_media":1740,"parent":374,"menu_order":0,"comment_status":"closed","ping_status":"closed","template":"internet banking.php","meta":{"_acf_changed":false,"footnotes":""},"class_list":["post-1296","page","type-page","status-publish","has-post-thumbnail","hentry"],"acf":[],"_links":{"self":[{"href":"https:\/\/www.firstcapitalbank.co.mz\/pt\/wp-json\/wp\/v2\/pages\/1296","targetHints":{"allow":["GET"]}}],"collection":[{"href":"https:\/\/www.firstcapitalbank.co.mz\/pt\/wp-json\/wp\/v2\/pages"}],"about":[{"href":"https:\/\/www.firstcapitalbank.co.mz\/pt\/wp-json\/wp\/v2\/types\/page"}],"author":[{"embeddable":true,"href":"https:\/\/www.firstcapitalbank.co.mz\/pt\/wp-json\/wp\/v2\/users\/13"}],"replies":[{"embeddable":true,"href":"https:\/\/www.firstcapitalbank.co.mz\/pt\/wp-json\/wp\/v2\/comments?post=1296"}],"version-history":[{"count":8,"href":"https:\/\/www.firstcapitalbank.co.mz\/pt\/wp-json\/wp\/v2\/pages\/1296\/revisions"}],"predecessor-version":[{"id":5391,"href":"https:\/\/www.firstcapitalbank.co.mz\/pt\/wp-json\/wp\/v2\/pages\/1296\/revisions\/5391"}],"up":[{"embeddable":true,"href":"https:\/\/www.firstcapitalbank.co.mz\/pt\/wp-json\/wp\/v2\/pages\/374"}],"wp:featuredmedia":[{"embeddable":true,"href":"https:\/\/www.firstcapitalbank.co.mz\/pt\/wp-json\/wp\/v2\/media\/1740"}],"wp:attachment":[{"href":"https:\/\/www.firstcapitalbank.co.mz\/pt\/wp-json\/wp\/v2\/media?parent=1296"}],"curies":[{"name":"wp","href":"https:\/\/api.w.org\/{rel}","templated":true}]}}