{"id":1294,"date":"2018-09-29T10:32:07","date_gmt":"2018-09-29T10:32:07","guid":{"rendered":"http:\/\/firstcapitalbank.co.bw\/test-site\/?page_id=1294"},"modified":"2026-03-31T18:34:52","modified_gmt":"2026-03-31T16:34:52","slug":"savings-account","status":"publish","type":"page","link":"https:\/\/www.firstcapitalbank.co.mz\/pt\/personal\/contas\/savings-account\/","title":{"rendered":"Conta Poupan\u00e7a"},"content":{"rendered":"<h3>Uma conta poupan\u00e7a flex\u00edvel a pensar no futuro<\/h3>\n<p>Uma conta poupan\u00e7a atractiva e segura, a pensar no seu futuro e em ajud\u00e1-lo a poupar, mantendo a flexibilidade e conveni\u00eancia necess\u00e1rias \u00e0 gest\u00e3o das necessidades banc\u00e1rias di\u00e1rias. Venha e abra hoje uma conta poupan\u00e7a connosco. Para ver as nossas comiss\u00f5es e encargos, aceda a <a href=\"https:\/\/firstcapitalbank.co.mz\/pt\/wp-content\/uploads\/2020\/08\/Pre%C3%A7%C3%A1rio-Completo-2020_Julho-2020_.pdf\">Tabela de Comiss\u00f5es e Encargos<\/a>.<\/p>\n<p>&nbsp;<\/p>\n","protected":false},"excerpt":{"rendered":"<p>Uma conta poupan\u00e7a flex\u00edvel a pensar no futuro Uma conta poupan\u00e7a atractiva e segura, a&#8230;<\/p>\n","protected":false},"author":13,"featured_media":1660,"parent":374,"menu_order":0,"comment_status":"closed","ping_status":"closed","template":"internet banking.php","meta":{"_acf_changed":false,"footnotes":""},"class_list":["post-1294","page","type-page","status-publish","has-post-thumbnail","hentry"],"acf":[],"_links":{"self":[{"href":"https:\/\/www.firstcapitalbank.co.mz\/pt\/wp-json\/wp\/v2\/pages\/1294","targetHints":{"allow":["GET"]}}],"collection":[{"href":"https:\/\/www.firstcapitalbank.co.mz\/pt\/wp-json\/wp\/v2\/pages"}],"about":[{"href":"https:\/\/www.firstcapitalbank.co.mz\/pt\/wp-json\/wp\/v2\/types\/page"}],"author":[{"embeddable":true,"href":"https:\/\/www.firstcapitalbank.co.mz\/pt\/wp-json\/wp\/v2\/users\/13"}],"replies":[{"embeddable":true,"href":"https:\/\/www.firstcapitalbank.co.mz\/pt\/wp-json\/wp\/v2\/comments?post=1294"}],"version-history":[{"count":11,"href":"https:\/\/www.firstcapitalbank.co.mz\/pt\/wp-json\/wp\/v2\/pages\/1294\/revisions"}],"predecessor-version":[{"id":5716,"href":"https:\/\/www.firstcapitalbank.co.mz\/pt\/wp-json\/wp\/v2\/pages\/1294\/revisions\/5716"}],"up":[{"embeddable":true,"href":"https:\/\/www.firstcapitalbank.co.mz\/pt\/wp-json\/wp\/v2\/pages\/374"}],"wp:featuredmedia":[{"embeddable":true,"href":"https:\/\/www.firstcapitalbank.co.mz\/pt\/wp-json\/wp\/v2\/media\/1660"}],"wp:attachment":[{"href":"https:\/\/www.firstcapitalbank.co.mz\/pt\/wp-json\/wp\/v2\/media?parent=1294"}],"curies":[{"name":"wp","href":"https:\/\/api.w.org\/{rel}","templated":true}]}}