{"id":1291,"date":"2018-09-29T10:30:48","date_gmt":"2018-09-29T10:30:48","guid":{"rendered":"http:\/\/firstcapitalbank.co.bw\/test-site\/?page_id=1291"},"modified":"2021-11-03T11:46:57","modified_gmt":"2021-11-03T09:46:57","slug":"conta-a-ordem","status":"publish","type":"page","link":"https:\/\/www.firstcapitalbank.co.mz\/pt\/personal\/contas\/conta-a-ordem\/","title":{"rendered":"Conta \u00e0 Ordem"},"content":{"rendered":"<h3>Necessita de uma conta simples, para gerir as suas necessidades banc\u00e1rias di\u00e1rias?<\/h3>\n<p>A nossa Conta \u00e0 Ordem foi projectada para adicionar conveni\u00eancia \u00e0 gest\u00e3o das suas necessidades banc\u00e1rias di\u00e1rias. Al\u00e9m do Metical, a nossa Conta \u00e0 Ordem pode ser mantida em diversas moedas estrangeiras, como D\u00f3lar dos Estados Unidos, o Euro, a Libra da Gr\u00e3-Bretanha e o Rand Sul-Africano.<\/p>\n<h3>Caracter\u00edsticas e Benef\u00edcios<\/h3>\n<p>\u2705 Acesso a Cart\u00e3o de D\u00e9bito<br \/>\n\u2705 Acesso a Livro de Cheques<br \/>\n\u2705 Abertura em nome individual ou conjunta<br \/>\n\u2705 Acesso ao Internet Banking<br \/>\n\u2705 Alertas de transa\u00e7\u00e3o (SMS e E-mail)<br \/>\n\u2705 Acesso \u00e0s nossas facilidades de cr\u00e9dito<\/p>\n<h3>Documentos necess\u00e1rios para abertura de Conta \u00e0 ordem<\/h3>\n<ul>\n<li>Fotoc\u00f3pia(s) do(s) documentos identifica\u00e7\u00e3o de quem obriga a conta: Bilhete de Identidade, Passaporte, Carta de Condu\u00e7\u00e3o, Cart\u00e3o de Eleitor;<\/li>\n<li>Fotoc\u00f3pia(s) do(s) documento(s) comprovativo(s) do(s) NUIT;<\/li>\n<li>Comprovativo de Morada: factura de \u00e1gua, energia, telefone, internet, declara\u00e7\u00e3o do bairro;<\/li>\n<li>Carta da entidade patronal (declara\u00e7\u00e3o de rendimentos).<\/li>\n<\/ul>\n<p>Para abrir uma conta \u00e0 ordem visite a ag\u00eancia do First Capital Bank mais pr\u00f3xima.<\/p>\n<p>Para ver as nossas comiss\u00f5es e encargos, aceda a <a href=\"https:\/\/firstcapitalbank.co.mz\/pt\/wp-content\/uploads\/2020\/08\/Pre%C3%A7%C3%A1rio-Completo-2020_Julho-2020_.pdf\">Tabela de Comiss\u00f5es e Encargos<\/a>.<\/p>\n<p>&nbsp;<\/p>\n","protected":false},"excerpt":{"rendered":"<p>Necessita de uma conta simples, para gerir as suas necessidades banc\u00e1rias di\u00e1rias? A nossa Conta&#8230;<\/p>\n","protected":false},"author":13,"featured_media":1645,"parent":374,"menu_order":0,"comment_status":"closed","ping_status":"closed","template":"internet banking.php","meta":{"_acf_changed":false,"footnotes":""},"class_list":["post-1291","page","type-page","status-publish","has-post-thumbnail","hentry"],"acf":[],"_links":{"self":[{"href":"https:\/\/www.firstcapitalbank.co.mz\/pt\/wp-json\/wp\/v2\/pages\/1291","targetHints":{"allow":["GET"]}}],"collection":[{"href":"https:\/\/www.firstcapitalbank.co.mz\/pt\/wp-json\/wp\/v2\/pages"}],"about":[{"href":"https:\/\/www.firstcapitalbank.co.mz\/pt\/wp-json\/wp\/v2\/types\/page"}],"author":[{"embeddable":true,"href":"https:\/\/www.firstcapitalbank.co.mz\/pt\/wp-json\/wp\/v2\/users\/13"}],"replies":[{"embeddable":true,"href":"https:\/\/www.firstcapitalbank.co.mz\/pt\/wp-json\/wp\/v2\/comments?post=1291"}],"version-history":[{"count":11,"href":"https:\/\/www.firstcapitalbank.co.mz\/pt\/wp-json\/wp\/v2\/pages\/1291\/revisions"}],"predecessor-version":[{"id":3765,"href":"https:\/\/www.firstcapitalbank.co.mz\/pt\/wp-json\/wp\/v2\/pages\/1291\/revisions\/3765"}],"up":[{"embeddable":true,"href":"https:\/\/www.firstcapitalbank.co.mz\/pt\/wp-json\/wp\/v2\/pages\/374"}],"wp:featuredmedia":[{"embeddable":true,"href":"https:\/\/www.firstcapitalbank.co.mz\/pt\/wp-json\/wp\/v2\/media\/1645"}],"wp:attachment":[{"href":"https:\/\/www.firstcapitalbank.co.mz\/pt\/wp-json\/wp\/v2\/media?parent=1291"}],"curies":[{"name":"wp","href":"https:\/\/api.w.org\/{rel}","templated":true}]}}