{"id":3701,"date":"2022-03-14T14:09:21","date_gmt":"2022-03-14T12:09:21","guid":{"rendered":"https:\/\/firstcapitalbank.co.mz\/en\/?page_id=3701"},"modified":"2026-02-23T16:45:05","modified_gmt":"2026-02-23T14:45:05","slug":"credit-for-civil-servants","status":"publish","type":"page","link":"https:\/\/www.firstcapitalbank.co.mz\/en\/personal\/lending-facilities\/credit-for-civil-servants\/","title":{"rendered":"Credit for Civil Servants"},"content":{"rendered":"<p>First Capital Bank&#8217;s Credit for Civil Servants is a secure financing solution designed to support the development of the civil servant&#8217;s personal and\/or professional projects.<\/p>\n<p>These are short, medium and\/or long-term loans whose maturity can vary from 6 to 84 months for the repayment period, with an administrative fee of 12% and a monthly interest rate between 2.92% and 3.75% depending on the term of the loan.<\/p>\n<p><strong>Note:<\/strong> New interest rates effective from June 9, 2025.<\/p>\n<p>First Capital Bank has been duly registered by CEDSIF with code number 437 to provide loans to public employees.<\/p>\n<h3><strong>ADVANTAGES OF THE LOAN<\/strong><\/h3>\n<p>\u2013 Attractive fixed interest rate;<\/p>\n<p>\u2013 Disbursement in 24h to 72h;<\/p>\n<p>\u2013 No need to open a bank account;<\/p>\n<p>\u2013 Life insurance of 0.109% monthly included in the installment<\/p>\n<p>\u2013 Flexible repayment period 6 to 84 months;<\/p>\n<p>\u2013 Amount of disbursement up to 2.000.000 Meticais.<\/p>\n<h3><strong>REQUIREMENTS<\/strong><\/h3>\n<p>&#8211; Copy and original photo of National ID or Passport<\/p>\n<p>&#8211; Copy of National ID of the Insurance Beneficiary<\/p>\n<p>&#8211; NUIT<\/p>\n<p>&#8211; Recent Original Salary Slip<\/p>\n<p>&#8211; Recent Bank Statement showing three (3) months\u2019 salary entries<\/p>\n<p>&#8211; Proof of Residence<\/p>\n<p>&#8211; Salary declaration<\/p>\n<p>&#8211; Loan quotation form for consolidation loans<\/p>\n<h3><strong>SIMULATION<\/strong><\/h3>\n<p style=\"background: white; vertical-align: baseline; margin: 0in 0in 11.25pt 0in;\"><span lang=\"EN-GB\" style=\"font-family: 'Ubuntu',sans-serif; color: #898989;\">\u2013 Amount of financing: 50,000.00 MZN;<\/span><\/p>\n<p style=\"background: white; vertical-align: baseline; margin: 0in 0in 11.25pt 0in;\"><span lang=\"EN-GB\" style=\"font-family: 'Ubuntu',sans-serif; color: #898989;\">\u2013 Period: 84 months;<\/span><\/p>\n<p style=\"background: white; vertical-align: baseline; margin: 0in 0in 11.25pt 0in;\"><span lang=\"EN-GB\" style=\"font-family: 'Ubuntu',sans-serif; color: #898989;\">\u2013 Fixed monthly interest rate: 2,92%;<\/span><\/p>\n<p style=\"background: white; vertical-align: baseline; margin: 0in 0in 11.25pt 0in;\"><span lang=\"EN-GB\" style=\"font-family: 'Ubuntu',sans-serif; color: #898989;\">\u2013 Monthly installment 1.757,98 MZN;<\/span><\/p>\n<h3><strong>Pricing table<\/strong><\/h3>\n<table width=\"179\">\n<tbody>\n<tr>\n<td width=\"53\"><strong>Term<\/strong><\/td>\n<td width=\"126\"><strong>Loan Interest<\/strong><\/td>\n<\/tr>\n<tr>\n<td width=\"53\">6<\/td>\n<td width=\"126\">3.75%<\/td>\n<\/tr>\n<tr>\n<td width=\"53\">9<\/td>\n<td width=\"126\">3.75%<\/td>\n<\/tr>\n<tr>\n<td width=\"53\">12<\/td>\n<td width=\"126\">3.50%<\/td>\n<\/tr>\n<tr>\n<td width=\"53\">24<\/td>\n<td width=\"126\">3.42%<\/td>\n<\/tr>\n<tr>\n<td width=\"53\">36<\/td>\n<td width=\"126\">3.38%<\/td>\n<\/tr>\n<tr>\n<td width=\"53\">48<\/td>\n<td width=\"126\">3.21%<\/td>\n<\/tr>\n<tr>\n<td width=\"53\">60<\/td>\n<td width=\"126\">3.13%<\/td>\n<\/tr>\n<tr>\n<td width=\"53\">72<\/td>\n<td width=\"126\">3.00%<\/td>\n<\/tr>\n<tr>\n<td width=\"53\">84<\/td>\n<td width=\"126\">2.92%<\/td>\n<\/tr>\n<\/tbody>\n<\/table>\n<p>&nbsp;<\/p>\n<h3><strong>DISBURSEMENT TIME<\/strong><\/h3>\n<p>Once all the necessary requirements are met and as per the Bank Credit Policy, the disbursement is made within a period of 24 to 72 business hours.<\/p>\n<p>Our sales agents are at your disposal to meet all your financial needs in the comfort of your own region.<\/p>\n<p>For more information, please contact:<\/p>\n<p>Email: <a href=\"mailto:credito.publico@firstcapitalbank.co.mz\">credito.publico@firstcapitalbank.co.mz<\/a><\/p>\n<p>&nbsp;<\/p>\n<table style=\"height: 856px;\" width=\"1127\">\n<tbody>\n<tr>\n<td width=\"230\">Agente banc\u00e1rio<\/td>\n<td width=\"122\">Contactos<\/td>\n<td width=\"642\">Localiza\u00e7\u00e3o<\/td>\n<\/tr>\n<tr>\n<td width=\"230\">Agente Beira<\/td>\n<td width=\"122\">842579224<\/td>\n<td width=\"642\">Cidade da Beira &#8211; Bairo Maquinino, AG Beira Shopping<\/td>\n<\/tr>\n<tr>\n<td>Ekitalci Consultoria e Investments, Lda &#8211; Beira<\/td>\n<td>825137064<\/td>\n<td>Cidade da Beira &#8211; Rua Lu\u00eds In\u00e1cio, Corredor da Emose, B\u00ba Chaimite<\/td>\n<\/tr>\n<tr>\n<td width=\"230\">Agente Nampula<\/td>\n<td width=\"122\">846380835<\/td>\n<td width=\"642\">Cidade de Nampula &#8211; Bairo Muahivire, Rua de Quelimane, M\u00f3nica Shopping, Loja G1,<\/td>\n<\/tr>\n<tr>\n<td>Ekitalci Consultoria e Investments, Lda &#8211; Nampula<\/td>\n<td>879838637<\/td>\n<td>Cidade de Nampula &#8211; B\u00bao Central, Av. Paulo Samuel Kankhomba, 1\u00ba andar, Loja n\u00ba 11<\/td>\n<\/tr>\n<tr>\n<td width=\"230\">Agente Tete<\/td>\n<td width=\"122\">845027177<\/td>\n<td width=\"642\">Cidade de Tete &#8211; Av. da Independ\u00eancia, Loja n\u00b0 5 (em frente \u00e0 Escola Prim\u00e1ria III Congresso)<\/td>\n<\/tr>\n<tr>\n<td width=\"230\">Agente Manica<\/td>\n<td width=\"122\">845075649<\/td>\n<td width=\"642\">Cidade de Chimoio &#8211; Bairro Eduardo Mondlane, Rua do Baru\u00e9, Loja n\u00b0 26<\/td>\n<\/tr>\n<tr>\n<td width=\"230\">Agente Pemba<\/td>\n<td width=\"122\">845490520<\/td>\n<td width=\"642\">Cidade de Pemba &#8211; Edif\u00edcio de im\u00f3veis 25 de Setembro, Av. 25 de Setembro, n\u00ba 08 (R\/C)<\/td>\n<\/tr>\n<tr>\n<td width=\"230\">Agente Quelimane<\/td>\n<td width=\"122\">844689322<\/td>\n<td width=\"642\">Cidade de Quelimane &#8211; Edif\u00edcio da Drogaria da Zamb\u00e9zia, Avenida 1 de Julho, n\u00ba 1.070, 1\u00ba andar<\/td>\n<\/tr>\n<tr>\n<td width=\"230\">Agente Gaza<\/td>\n<td width=\"122\">848246321<\/td>\n<td width=\"642\">Cidade de Xai-Xai &#8211; Rua M\u00e1rtires de Wiriamo Loja n\u00ba. 03 R\/C<\/td>\n<\/tr>\n<tr>\n<td width=\"230\">Agente Niassa<\/td>\n<td width=\"122\">867942950<\/td>\n<td width=\"642\">Cidade de Lichinga &#8211; Av. do Trabalho (ao lado da Movitel em frente ao Comando da PRM)<\/td>\n<\/tr>\n<tr>\n<td width=\"230\">Agente Inhambane<\/td>\n<td width=\"122\">842821036<\/td>\n<td width=\"642\">Cidade da Maxixe \u2013 Av. Karl Max (pr\u00f3ximo \u00e0 Escola Prim\u00e1ria e Secund\u00e1ria)<\/td>\n<\/tr>\n<tr>\n<td width=\"230\">Manya Sales, Lda &#8211; Maputo<\/td>\n<td width=\"122\">842672716<\/td>\n<td width=\"642\">Cidade de Maputo &#8211; AV. Amilcar Cabral n\u00b0 640, Bairro Polana Cimento, Maputo<\/td>\n<\/tr>\n<tr>\n<td width=\"230\">Cacos Sociedade de Investimento, SA &#8211; Maputo<\/td>\n<td width=\"122\">843660000<\/td>\n<td>Cidade de Maputo &#8211; Bairro Alto Ma\u00e9 \u201cB\u201d, Av. Ahmed S\u00e9kou Tour\u00e9, n\u00ba 3630, R\/C<\/td>\n<\/tr>\n<tr>\n<td>Ekitalci Consultoria e Investments, Lda &#8211; Maputo<\/td>\n<td>840200064<\/td>\n<td>Cidade de Maputo &#8211; Bairro Central, Av. Eduardo Mondlane, n\u00ba 1927, 1\u00ba Andar<\/td>\n<\/tr>\n<tr>\n<td>Munguno, 2JM, Lda<\/td>\n<td>871029147<\/td>\n<td>Cidade de Maputo &#8211; Bairro da Polana, Rua Jo\u00e3o Carlos Beir\u00e3o, n\u00ba 329, R\/C<\/td>\n<\/tr>\n<tr>\n<td>\u00c1guia Consultores, Lda<\/td>\n<td>872143845<\/td>\n<td>Cidade de Maputo &#8211; Bairro Central, Av. Karl Max, n\u00ba 1839, R\/C<\/td>\n<\/tr>\n<tr>\n<td>Step A-Head, Lda<\/td>\n<td>846601679<\/td>\n<td>Cidade de Maputo &#8211; Bairro da Polana, Rua Alfredo Keil, n\u00ba 2, 6\u00ba Andar, Flat 16<\/td>\n<\/tr>\n<\/tbody>\n<\/table>\n<p>&nbsp;<\/p>\n<p>Products and services provided by banking agent:<\/p>\n<ul>\n<li>Origination of credit processes of the civil servant segment.<\/li>\n<li>Uploading of the credit processes of the civil servant segment in the LAM system.<\/li>\n<li>Provision of information to customers in relation to statements and repayment plans.<\/li>\n<li>Attendance to customers of the civil servant segment.<\/li>\n<\/ul>\n","protected":false},"excerpt":{"rendered":"<p>First Capital Bank&#8217;s Credit for Civil Servants is a secure financing solution designed to support&#8230;<\/p>\n","protected":false},"author":14,"featured_media":2133,"parent":396,"menu_order":0,"comment_status":"closed","ping_status":"closed","template":"","meta":{"_acf_changed":false,"footnotes":""},"class_list":["post-3701","page","type-page","status-publish","has-post-thumbnail","hentry"],"acf":[],"_links":{"self":[{"href":"https:\/\/www.firstcapitalbank.co.mz\/en\/wp-json\/wp\/v2\/pages\/3701","targetHints":{"allow":["GET"]}}],"collection":[{"href":"https:\/\/www.firstcapitalbank.co.mz\/en\/wp-json\/wp\/v2\/pages"}],"about":[{"href":"https:\/\/www.firstcapitalbank.co.mz\/en\/wp-json\/wp\/v2\/types\/page"}],"author":[{"embeddable":true,"href":"https:\/\/www.firstcapitalbank.co.mz\/en\/wp-json\/wp\/v2\/users\/14"}],"replies":[{"embeddable":true,"href":"https:\/\/www.firstcapitalbank.co.mz\/en\/wp-json\/wp\/v2\/comments?post=3701"}],"version-history":[{"count":34,"href":"https:\/\/www.firstcapitalbank.co.mz\/en\/wp-json\/wp\/v2\/pages\/3701\/revisions"}],"predecessor-version":[{"id":4794,"href":"https:\/\/www.firstcapitalbank.co.mz\/en\/wp-json\/wp\/v2\/pages\/3701\/revisions\/4794"}],"up":[{"embeddable":true,"href":"https:\/\/www.firstcapitalbank.co.mz\/en\/wp-json\/wp\/v2\/pages\/396"}],"wp:featuredmedia":[{"embeddable":true,"href":"https:\/\/www.firstcapitalbank.co.mz\/en\/wp-json\/wp\/v2\/media\/2133"}],"wp:attachment":[{"href":"https:\/\/www.firstcapitalbank.co.mz\/en\/wp-json\/wp\/v2\/media?parent=3701"}],"curies":[{"name":"wp","href":"https:\/\/api.w.org\/{rel}","templated":true}]}}